{"id":25002,"date":"2022-12-09T12:02:01","date_gmt":"2022-12-09T11:02:01","guid":{"rendered":"https:\/\/victorlax.net\/?page_id=25002"},"modified":"2024-05-06T08:18:27","modified_gmt":"2024-05-06T06:18:27","slug":"barcelona","status":"publish","type":"page","link":"https:\/\/victorlax.net\/es\/fotografos-de-sesiones-casuales\/barcelona\/","title":{"rendered":"Sesiones en Barcelona"},"content":{"rendered":"\t\t<div data-elementor-type=\"wp-page\" data-elementor-id=\"25002\" class=\"elementor elementor-25002 elementor-24938\">\n\t\t\t\t\t\t\t\t\t<section class=\"elementor-section elementor-top-section elementor-element elementor-element-3ad64a02 elementor-section-boxed elementor-section-height-default elementor-section-height-default\" data-id=\"3ad64a02\" data-element_type=\"section\">\n\t\t\t\t\t\t<div class=\"elementor-container elementor-column-gap-default\">\n\t\t\t\t\t<div class=\"elementor-column elementor-col-100 elementor-top-column elementor-element elementor-element-31b0337c\" data-id=\"31b0337c\" data-element_type=\"column\">\n\t\t\t<div class=\"elementor-widget-wrap elementor-element-populated\">\n\t\t\t\t\t\t\t\t\t<\/div>\n\t\t<\/div>\n\t\t\t\t\t\t\t<\/div>\n\t\t<\/section>\n\t\t\t\t<section class=\"elementor-section elementor-top-section elementor-element elementor-element-f440819 elementor-section-boxed elementor-section-height-default elementor-section-height-default\" data-id=\"f440819\" data-element_type=\"section\">\n\t\t\t\t\t\t<div class=\"elementor-container elementor-column-gap-default\">\n\t\t\t\t\t<div class=\"elementor-column elementor-col-100 elementor-top-column elementor-element elementor-element-e2b16ac\" data-id=\"e2b16ac\" data-element_type=\"column\">\n\t\t\t<div class=\"elementor-widget-wrap elementor-element-populated\">\n\t\t\t\t\t\t\t\t<div class=\"elementor-element elementor-element-e20174f elementor-widget elementor-widget-text-editor\" data-id=\"e20174f\" data-element_type=\"widget\" data-widget_type=\"text-editor.default\">\n\t\t\t\t<div class=\"elementor-widget-container\">\n\t\t\t<style>\/*! elementor - v3.15.0 - 09-08-2023 *\/\n.elementor-widget-text-editor.elementor-drop-cap-view-stacked .elementor-drop-cap{background-color:#69727d;color:#fff}.elementor-widget-text-editor.elementor-drop-cap-view-framed .elementor-drop-cap{color:#69727d;border:3px solid;background-color:transparent}.elementor-widget-text-editor:not(.elementor-drop-cap-view-default) .elementor-drop-cap{margin-top:8px}.elementor-widget-text-editor:not(.elementor-drop-cap-view-default) .elementor-drop-cap-letter{width:1em;height:1em}.elementor-widget-text-editor .elementor-drop-cap{float:left;text-align:center;line-height:1;font-size:50px}.elementor-widget-text-editor .elementor-drop-cap-letter{display:inline-block}<\/style>\t\t\t\t<p><span style=\"font-weight: 400;\">Barcelona es uno de nuestros sitios favoritos donde pasar los d&iacute;as, pero sobre todo, donde realizar sesiones de fotos. No importa si es para una boda o para cualquier otro evento,<\/span><strong> visitar esta ciudad con nuestra c&aacute;mara siempre es un placer<\/strong><span style=\"font-weight: 400;\">. Por eso, cuando empezamos a realizar sesiones casuales en Barcelona, empezamos a disfrutar a&uacute;n m&aacute;s, conociendo rincones secretos donde nos llevaban nuestros protagonistas y pasando d&iacute;as incre&iacute;bles, con gente m&aacute;s incre&iacute;ble a&uacute;n.<\/span><\/p>\n<p><span style=\"font-weight: 400;\">Si est&aacute;s buscando fot&oacute;grafos para tus sesiones casuales en Barcelona, no lo dudes m&aacute;s y <\/span><strong>contacta con nosotros,<\/strong><span style=\"font-weight: 400;\"> estaremos m&aacute;s que encantados de conocerte.<\/span><\/p>\t\t\t\t\t\t<\/div>\n\t\t\t\t<\/div>\n\t\t\t\t\t<\/div>\n\t\t<\/div>\n\t\t\t\t\t\t\t<\/div>\n\t\t<\/section>\n\t\t\t\t<section class=\"elementor-section elementor-top-section elementor-element elementor-element-3629eb55 elementor-section-boxed elementor-section-height-default elementor-section-height-default\" data-id=\"3629eb55\" data-element_type=\"section\">\n\t\t\t\t\t\t<div class=\"elementor-container elementor-column-gap-default\">\n\t\t\t\t\t<div class=\"elementor-column elementor-col-100 elementor-top-column elementor-element elementor-element-32846d0\" data-id=\"32846d0\" data-element_type=\"column\">\n\t\t\t<div class=\"elementor-widget-wrap elementor-element-populated\">\n\t\t\t\t\t\t\t\t<div class=\"elementor-element elementor-element-bf79ab8 uael-equal__height-yes uael-posts-thumbnail-ratio apartado_blog elementor-widget elementor-widget-uael-posts\" data-id=\"bf79ab8\" data-element_type=\"widget\" data-settings=\"{&quot;classic_slides_to_show&quot;:3,&quot;classic_slides_to_show_tablet&quot;:2,&quot;classic_slides_to_show_mobile&quot;:1,&quot;classic_pagination_type&quot;:&quot;ajax&quot;}\" data-widget_type=\"uael-posts.classic\">\n\t\t\t\t<div class=\"elementor-widget-container\">\n\t\t\t\t\t<div class=\"uael-post__header\">\n\t\t\t\t\t<\/div>\n\t\t<div class=\"uael-post__body\">\n\t\t\t\n\t\t\n\t\t<div class=\"uael-blog-terms-position-above_content uael-post-image-top uael-post-grid uael-posts\" data-query-type=\"custom\" data-structure=\"normal\" data-layout=\"\" data-page=\"25002\" data-skin=\"classic\" data-filter-default=\"\" data-offset-top=\"30\" >\n\n\t\t\t\t\t\t\t<div class=\"uael-post-grid__inner uael-post__columns-3 uael-post__columns-tablet-2 uael-post__columns-mobile-1\">\n\t\t\t\n<div class=\"uael-post-wrapper   sesi\u00f3n-en-barcelona sesiones-casuales \">\n\t<div class=\"uael-post__bg-wrap\">\n\n\t\t\t\t\n\t\t<div class=\"uael-post__inner-wrap\">\n\n\t\t\t\t<div class=\"uael-post__thumbnail\">\n\t\t\t\n\t\t\t<a href=\"https:\/\/victorlax.net\/es\/sesiones-casuales\/luna-manu-la-muralla-roja\/\" target=\"_self\" title=\"Luna &#038; Manu | La Muralla Roja\"><img decoding=\"async\" width=\"1920\" height=\"1280\" src=\"https:\/\/victorlax.net\/wp-content\/uploads\/2023\/04\/1.jpg\" class=\"attachment-full size-full wp-image-28603\" alt=\"La Muralla Roja,\" srcset=\"https:\/\/victorlax.net\/wp-content\/uploads\/2023\/04\/1.jpg 1920w, https:\/\/victorlax.net\/wp-content\/uploads\/2023\/04\/1-300x200.jpg 300w, https:\/\/victorlax.net\/wp-content\/uploads\/2023\/04\/1-1024x683.jpg 1024w, https:\/\/victorlax.net\/wp-content\/uploads\/2023\/04\/1-150x100.jpg 150w, https:\/\/victorlax.net\/wp-content\/uploads\/2023\/04\/1-768x512.jpg 768w, https:\/\/victorlax.net\/wp-content\/uploads\/2023\/04\/1-1536x1024.jpg 1536w, https:\/\/victorlax.net\/wp-content\/uploads\/2023\/04\/1-526x351.jpg 526w, https:\/\/victorlax.net\/wp-content\/uploads\/2023\/04\/1-1052x701.jpg 1052w, https:\/\/victorlax.net\/wp-content\/uploads\/2023\/04\/1-120x80.jpg 120w\" sizes=\"(max-width: 1920px) 100vw, 1920px\" \/><\/a>\n\t\t\t\t\t<\/div>\n\t\t\n\t\t\t\n\t\t\t<div class=\"uael-post__content-wrap\">\n\t\t\t\t\t\t\t<div class=\"uael-post__terms-wrap\"><span class=\"uael-post__terms\"><span class=\"uael-listing__terms-link\">Sesi\u00f3n en Barcelona<\/span><span class=\"uael-listing__terms-link\">Sesiones Casuales<\/span><\/span><\/div>\n\t\t\t\t\t\t<h2 class=\"uael-post__title\">\n\n\t\t\n\t\t\t\t\t\t<a href=\"https:\/\/victorlax.net\/es\/sesiones-casuales\/luna-manu-la-muralla-roja\/\" target=\"_self\">\n\t\t\t\tLuna &#038; Manu | La Muralla Roja\t\t\t<\/a>\n\n\t\t\t\t<\/h2>\n\t\t\n\t\t<div class=\"uael-post__excerpt\">\n\t\t\t<p>&nbsp; As I was browsing through all the galleries I have posted on my blog, I realised that one of my favourite sessions had not yet been posted.(\u00a1!)I&#8217;m talking about Luna &amp; Manu&#8217;s casual session at La Muralla Roja. Nothing more and nothing less. Let&#8217;s put it in context; September &#8230;<\/p>\n\t\t<\/div>\n\n\t\t\t\t\t<div class=\"uael-post__meta-data\">\n\t\t\t\t\t<\/div>\n\t\t\t\t\t<\/div>\n\t\t\t\n\t\t<\/div>\n\t\t\n\t<\/div>\n\n<\/div>\n\n<div class=\"uael-post-wrapper   sesi\u00f3n-en-barcelona sesiones-casuales \">\n\t<div class=\"uael-post__bg-wrap\">\n\n\t\t\t\t\n\t\t<div class=\"uael-post__inner-wrap\">\n\n\t\t\t\t<div class=\"uael-post__thumbnail\">\n\t\t\t\n\t\t\t<a href=\"https:\/\/victorlax.net\/es\/sesiones-casuales\/sesion-en-barcelona\/sandy-bing-barcelona-hotel-arts\/\" target=\"_self\" title=\"Sandy y Bing \/ Barcelona \/ Hotel Arts\"><img decoding=\"async\" width=\"800\" height=\"532\" src=\"https:\/\/victorlax.net\/wp-content\/uploads\/2022\/11\/00r1.jpg\" class=\"attachment-full size-full wp-image-15060\" alt=\"\" srcset=\"https:\/\/victorlax.net\/wp-content\/uploads\/2022\/11\/00r1.jpg 800w, https:\/\/victorlax.net\/wp-content\/uploads\/2022\/11\/00r1-526x350.jpg 526w, https:\/\/victorlax.net\/wp-content\/uploads\/2022\/11\/00r1-120x80.jpg 120w, https:\/\/victorlax.net\/wp-content\/uploads\/2022\/11\/00r1-300x200.jpg 300w, https:\/\/victorlax.net\/wp-content\/uploads\/2022\/11\/00r1-150x100.jpg 150w, https:\/\/victorlax.net\/wp-content\/uploads\/2022\/11\/00r1-768x511.jpg 768w\" sizes=\"(max-width: 800px) 100vw, 800px\" \/><\/a>\n\t\t\t\t\t<\/div>\n\t\t\n\t\t\t\n\t\t\t<div class=\"uael-post__content-wrap\">\n\t\t\t\t\t\t\t<div class=\"uael-post__terms-wrap\"><span class=\"uael-post__terms\"><span class=\"uael-listing__terms-link\">Sesi\u00f3n en Barcelona<\/span><span class=\"uael-listing__terms-link\">Sesiones Casuales<\/span><\/span><\/div>\n\t\t\t\t\t\t<h2 class=\"uael-post__title\">\n\n\t\t\n\t\t\t\t\t\t<a href=\"https:\/\/victorlax.net\/es\/sesiones-casuales\/sesion-en-barcelona\/sandy-bing-barcelona-hotel-arts\/\" target=\"_self\">\n\t\t\t\tSandy y Bing \/ Barcelona \/ Hotel Arts\t\t\t<\/a>\n\n\t\t\t\t<\/h2>\n\t\t\n\t\t<div class=\"uael-post__excerpt\">\n\t\t\t<p>Realmente agradecido por haber conocido a esta adorable pareja y haberla fotografiado en algunos de mis rincones favoritos de Barcelona. No solo todo fue genial durante los preparativos y la sesi\u00f3n de fotos en la que Sandy estuvo radiante con los dos vestidos que utiliz\u00f3 sino tambi\u00e9n durante los momentos &#8230;<\/p>\n\t\t<\/div>\n\n\t\t\t\t\t<div class=\"uael-post__meta-data\">\n\t\t\t\t\t<\/div>\n\t\t\t\t\t<\/div>\n\t\t\t\n\t\t<\/div>\n\t\t\n\t<\/div>\n\n<\/div>\n\t\t\t\t<\/div>\n\t\t\t\t\t\t\n\t\t<\/div>\n\n\t\t\t\t\t\t<\/div>\n\t\t<div class=\"uael-post__footer\">\n\t\t\t\t\t<\/div>\n\t\t\t\t<\/div>\n\t\t\t\t<\/div>\n\t\t\t\t\t<\/div>\n\t\t<\/div>\n\t\t\t\t\t\t\t<\/div>\n\t\t<\/section>\n\t\t\t\t<section class=\"elementor-section elementor-top-section elementor-element elementor-element-a8a35fd elementor-section-boxed elementor-section-height-default elementor-section-height-default\" data-id=\"a8a35fd\" data-element_type=\"section\">\n\t\t\t\t\t\t<div class=\"elementor-container elementor-column-gap-default\">\n\t\t\t\t\t<div class=\"elementor-column elementor-col-100 elementor-top-column elementor-element elementor-element-ad02fef\" data-id=\"ad02fef\" data-element_type=\"column\">\n\t\t\t<div class=\"elementor-widget-wrap elementor-element-populated\">\n\t\t\t\t\t\t\t\t<div class=\"elementor-element elementor-element-f08c109 elementor-widget elementor-widget-text-editor\" data-id=\"f08c109\" data-element_type=\"widget\" data-widget_type=\"text-editor.default\">\n\t\t\t\t<div class=\"elementor-widget-container\">\n\t\t\t\t\t\t\t<h2><span style=\"font-weight: 400;\">Sesiones casuales en Barcelona<\/span><\/h2>\n<p><span style=\"font-weight: 400;\">Como fot&oacute;grafos siempre nos han gustado los eventos especiales, porque ayudar a la gente a recordar esos d&iacute;as &uacute;nicos es una <\/span><strong>sensaci&oacute;n maravillosa<\/strong><span style=\"font-weight: 400;\">. Sin embargo, hemos aprendido tambi&eacute;n a apreciar estas sesiones de fotos casuales, donde podemos conocer m&aacute;s a los protagonistas.<\/span><\/p>\n<p><span style=\"font-weight: 400;\">Este tipo de sesiones son tambi&eacute;n muy beneficiosas para que ellos se acostumbren a la c&aacute;mara, <\/span><strong>evitando as&iacute; miradas o poses inc&oacute;modas <\/strong><span style=\"font-weight: 400;\">en su gran d&iacute;a. Pero no solo esto, sino que tambi&eacute;n no sirve a nosotros como gu&iacute;a para saber qu&eacute; tipo de fotos les gustan m&aacute;s, con qu&eacute; se sienten c&oacute;modos y dem&aacute;s detalles necesarios para que todo salga perfecto.<\/span><\/p>\n<h2><span style=\"font-weight: 400;\">Mejor sesi&oacute;n de fotos en Barcelona<\/span><\/h2>\n<p><span style=\"font-weight: 400;\">Por eso, cuando<\/span><a href=\"https:\/\/victorlax.net\/es\/sesiones-casuales\/luna-manu-la-muralla-roja\/\"> <span style=\"font-weight: 400;\">Luna y Manu<\/span><\/a><span style=\"font-weight: 400;\"> nos sugirieron La Muralla Roja como destino para su sesi&oacute;n casual en Barcelona, no pudimos negarnos. Es un paisaje muy original, con una infinita posibilidad de fotograf&iacute;as y planos &uacute;nicos. De la misma manera,<\/span><a href=\"https:\/\/victorlax.net\/es\/sesiones-casuales\/sesion-en-barcelona\/sandy-bing-barcelona-hotel-arts\/\"> <span style=\"font-weight: 400;\">Sandy y Bing<\/span><\/a><span style=\"font-weight: 400;\">, nos permitieron recorrer de nuevo uno de mis lugares favoritos con su sesi&oacute;n de fotos casual en Barcelona: <\/span><strong>el Hotel Arts<\/strong><\/p>\n<p><span style=\"font-weight: 400;\">Si t&uacute; tambi&eacute;n quieres capturar un momento especial en tu lugar favorito de esta ciudad, no dudes en <\/span><strong>ponerte en contacto con nosotros<\/strong><span style=\"font-weight: 400;\"> para contratar tu fot&oacute;grafo de sesiones casuales en Barcelona.<\/span><\/p>\t\t\t\t\t\t<\/div>\n\t\t\t\t<\/div>\n\t\t\t\t\t<\/div>\n\t\t<\/div>\n\t\t\t\t\t\t\t<\/div>\n\t\t<\/section>\n\t\t\t\t<section class=\"elementor-section elementor-top-section elementor-element elementor-element-a6b31ae elementor-section-full_width elementor-section-height-default elementor-section-height-default\" data-id=\"a6b31ae\" data-element_type=\"section\">\n\t\t\t\t\t\t<div class=\"elementor-container elementor-column-gap-default\">\n\t\t\t\t\t<div class=\"elementor-column elementor-col-100 elementor-top-column elementor-element elementor-element-85886f3\" data-id=\"85886f3\" data-element_type=\"column\">\n\t\t\t<div class=\"elementor-widget-wrap elementor-element-populated\">\n\t\t\t\t\t\t\t\t<div class=\"elementor-element elementor-element-7ee104b elementor-widget elementor-widget-shortcode\" data-id=\"7ee104b\" data-element_type=\"widget\" data-widget_type=\"shortcode.default\">\n\t\t\t\t<div class=\"elementor-widget-container\">\n\t\t\t\t\t<div class=\"elementor-shortcode\">\t\t<div data-elementor-type=\"section\" data-elementor-id=\"27287\" class=\"elementor elementor-27287 elementor-27284\">\n\t\t\t\t\t\t\t\t<section class=\"elementor-section elementor-top-section elementor-element elementor-element-58d1bd43 elementor-section-full_width elementor-section-height-min-height elementor-section-items-stretch elementor-section-content-space-between elementor-section-height-default\" data-id=\"58d1bd43\" data-element_type=\"section\" data-settings=\"{&quot;background_background&quot;:&quot;classic&quot;}\">\n\t\t\t\t\t\t<div class=\"elementor-container elementor-column-gap-default\">\n\t\t\t\t\t<div class=\"elementor-column elementor-col-100 elementor-top-column elementor-element elementor-element-1e32e265\" data-id=\"1e32e265\" data-element_type=\"column\">\n\t\t\t<div class=\"elementor-widget-wrap elementor-element-populated\">\n\t\t\t\t\t\t\t\t<div class=\"elementor-element elementor-element-2ea7b57f elementor-widget elementor-widget-heading\" data-id=\"2ea7b57f\" data-element_type=\"widget\" data-widget_type=\"heading.default\">\n\t\t\t\t<div class=\"elementor-widget-container\">\n\t\t\t<style>\/*! elementor - v3.15.0 - 09-08-2023 *\/\n.elementor-heading-title{padding:0;margin:0;line-height:1}.elementor-widget-heading .elementor-heading-title[class*=elementor-size-]>a{color:inherit;font-size:inherit;line-height:inherit}.elementor-widget-heading .elementor-heading-title.elementor-size-small{font-size:15px}.elementor-widget-heading .elementor-heading-title.elementor-size-medium{font-size:19px}.elementor-widget-heading .elementor-heading-title.elementor-size-large{font-size:29px}.elementor-widget-heading .elementor-heading-title.elementor-size-xl{font-size:39px}.elementor-widget-heading .elementor-heading-title.elementor-size-xxl{font-size:59px}<\/style><h3 class=\"elementor-heading-title elementor-size-default\">Elige donde te quieres casar y ahi estaremos<\/h3>\t\t<\/div>\n\t\t\t\t<\/div>\n\t\t\t\t<div class=\"elementor-element elementor-element-5c43c3ed elementor-align-center elementor-widget elementor-widget-button\" data-id=\"5c43c3ed\" data-element_type=\"widget\" data-widget_type=\"button.default\">\n\t\t\t\t<div class=\"elementor-widget-container\">\n\t\t\t\t\t<div class=\"elementor-button-wrapper\">\n\t\t\t<a class=\"elementor-button elementor-button-link elementor-size-md\" href=\"https:\/\/victorlax.net\/es\/contactar\/\">\n\t\t\t\t\t\t<span class=\"elementor-button-content-wrapper\">\n\t\t\t\t\t\t<span class=\"elementor-button-text\">Contactar<\/span>\n\t\t<\/span>\n\t\t\t\t\t<\/a>\n\t\t<\/div>\n\t\t\t\t<\/div>\n\t\t\t\t<\/div>\n\t\t\t\t\t<\/div>\n\t\t<\/div>\n\t\t\t\t\t\t\t<\/div>\n\t\t<\/section>\n\t\t\t\t\t\t<\/div>\n\t\t<\/div>\n\t\t\t\t<\/div>\n\t\t\t\t<\/div>\n\t\t\t\t\t<\/div>\n\t\t<\/div>\n\t\t\t\t\t\t\t<\/div>\n\t\t<\/section>\n\t\t\t\t\t\t\t<\/div>\n\t\t","protected":false},"excerpt":{"rendered":"<p>Barcelona es uno de nuestros sitios favoritos donde pasar los d&iacute;as, pero sobre todo, donde realizar sesiones de fotos. No importa si es para una boda o para cualquier otro evento, visitar esta ciudad con nuestra c&aacute;mara siempre es un placer. Por eso, cuando empezamos a realizar sesiones casuales en Barcelona, empezamos a disfrutar a&uacute;n [&hellip;]<\/p>\n","protected":false},"author":1,"featured_media":0,"parent":24994,"menu_order":0,"comment_status":"closed","ping_status":"closed","template":"elementor-template.php","meta":{"inline_featured_image":false,"footnotes":"","_links_to":"","_links_to_target":""},"acf":[],"yoast_head":"<!-- This site is optimized with the Yoast SEO plugin v19.10 - https:\/\/yoast.com\/wordpress\/plugins\/seo\/ -->\n<title>Sesi\u00f3n de fotos en Barcelona casual. El mejor fot\u00f3grafo<\/title>\n<meta name=\"description\" content=\"Elige el mejor fot\u00f3grafo de Espa\u00f1a para realizar una sesi\u00f3n de fotos en Barcelona de estilo causal. Convertimos tus fotograf\u00edas en arte\" \/>\n<meta name=\"robots\" content=\"index, follow, max-snippet:-1, max-image-preview:large, max-video-preview:-1\" \/>\n<link rel=\"canonical\" href=\"https:\/\/victorlax.net\/es\/fotografos-de-sesiones-casuales\/barcelona\/\" \/>\n<meta property=\"og:locale\" content=\"es_ES\" \/>\n<meta property=\"og:type\" content=\"article\" \/>\n<meta property=\"og:title\" content=\"Sesi\u00f3n de fotos en Barcelona casual. El mejor fot\u00f3grafo\" \/>\n<meta property=\"og:description\" content=\"Elige el mejor fot\u00f3grafo de Espa\u00f1a para realizar una sesi\u00f3n de fotos en Barcelona de estilo causal. Convertimos tus fotograf\u00edas en arte\" \/>\n<meta property=\"og:url\" content=\"https:\/\/victorlax.net\/es\/fotografos-de-sesiones-casuales\/barcelona\/\" \/>\n<meta property=\"og:site_name\" content=\"VictorLax\" \/>\n<meta property=\"article:modified_time\" content=\"2024-05-06T06:18:27+00:00\" \/>\n<meta property=\"og:image\" content=\"https:\/\/victorlax.net\/wp-content\/uploads\/2023\/04\/1.jpg\" \/>\n<meta name=\"twitter:card\" content=\"summary_large_image\" \/>\n<meta name=\"twitter:label1\" content=\"Est. reading time\" \/>\n\t<meta name=\"twitter:data1\" content=\"2 minutes\" \/>\n<!-- \/ Yoast SEO plugin. -->","yoast_head_json":{"title":"Sesi\u00f3n de fotos en Barcelona casual. El mejor fot\u00f3grafo","description":"Elige el mejor fot\u00f3grafo de Espa\u00f1a para realizar una sesi\u00f3n de fotos en Barcelona de estilo causal. Convertimos tus fotograf\u00edas en arte","robots":{"index":"index","follow":"follow","max-snippet":"max-snippet:-1","max-image-preview":"max-image-preview:large","max-video-preview":"max-video-preview:-1"},"canonical":"https:\/\/victorlax.net\/es\/fotografos-de-sesiones-casuales\/barcelona\/","og_locale":"es_ES","og_type":"article","og_title":"Sesi\u00f3n de fotos en Barcelona casual. El mejor fot\u00f3grafo","og_description":"Elige el mejor fot\u00f3grafo de Espa\u00f1a para realizar una sesi\u00f3n de fotos en Barcelona de estilo causal. Convertimos tus fotograf\u00edas en arte","og_url":"https:\/\/victorlax.net\/es\/fotografos-de-sesiones-casuales\/barcelona\/","og_site_name":"VictorLax","article_modified_time":"2024-05-06T06:18:27+00:00","og_image":[{"url":"https:\/\/victorlax.net\/wp-content\/uploads\/2023\/04\/1.jpg"}],"twitter_card":"summary_large_image","twitter_misc":{"Est. reading time":"2 minutes"},"schema":{"@context":"https:\/\/schema.org","@graph":[{"@type":"WebPage","@id":"https:\/\/victorlax.net\/es\/fotografos-de-sesiones-casuales\/barcelona\/","url":"https:\/\/victorlax.net\/es\/fotografos-de-sesiones-casuales\/barcelona\/","name":"Sesi\u00f3n de fotos en Barcelona casual. El mejor fot\u00f3grafo","isPartOf":{"@id":"https:\/\/victorlax.net\/es\/#website"},"datePublished":"2022-12-09T11:02:01+00:00","dateModified":"2024-05-06T06:18:27+00:00","description":"Elige el mejor fot\u00f3grafo de Espa\u00f1a para realizar una sesi\u00f3n de fotos en Barcelona de estilo causal. Convertimos tus fotograf\u00edas en arte","breadcrumb":{"@id":"https:\/\/victorlax.net\/es\/fotografos-de-sesiones-casuales\/barcelona\/#breadcrumb"},"inLanguage":"es","potentialAction":[{"@type":"ReadAction","target":["https:\/\/victorlax.net\/es\/fotografos-de-sesiones-casuales\/barcelona\/"]}]},{"@type":"BreadcrumbList","@id":"https:\/\/victorlax.net\/es\/fotografos-de-sesiones-casuales\/barcelona\/#breadcrumb","itemListElement":[{"@type":"ListItem","position":1,"name":"Inicio","item":"https:\/\/victorlax.net\/es\/"},{"@type":"ListItem","position":2,"name":"Fot\u00f3grafos de Sesiones Casuales","item":"https:\/\/victorlax.net\/es\/casual-session\/"},{"@type":"ListItem","position":3,"name":"Sesiones en Barcelona"}]},{"@type":"WebSite","@id":"https:\/\/victorlax.net\/es\/#website","url":"https:\/\/victorlax.net\/es\/","name":"VictorLax","description":"Convertimos tu boda en una obra de arte","potentialAction":[{"@type":"SearchAction","target":{"@type":"EntryPoint","urlTemplate":"https:\/\/victorlax.net\/es\/?s={search_term_string}"},"query-input":"required name=search_term_string"}],"inLanguage":"es"}]}},"_links":{"self":[{"href":"https:\/\/victorlax.net\/es\/wp-json\/wp\/v2\/pages\/25002"}],"collection":[{"href":"https:\/\/victorlax.net\/es\/wp-json\/wp\/v2\/pages"}],"about":[{"href":"https:\/\/victorlax.net\/es\/wp-json\/wp\/v2\/types\/page"}],"author":[{"embeddable":true,"href":"https:\/\/victorlax.net\/es\/wp-json\/wp\/v2\/users\/1"}],"replies":[{"embeddable":true,"href":"https:\/\/victorlax.net\/es\/wp-json\/wp\/v2\/comments?post=25002"}],"version-history":[{"count":4,"href":"https:\/\/victorlax.net\/es\/wp-json\/wp\/v2\/pages\/25002\/revisions"}],"predecessor-version":[{"id":34915,"href":"https:\/\/victorlax.net\/es\/wp-json\/wp\/v2\/pages\/25002\/revisions\/34915"}],"up":[{"embeddable":true,"href":"https:\/\/victorlax.net\/es\/wp-json\/wp\/v2\/pages\/24994"}],"wp:attachment":[{"href":"https:\/\/victorlax.net\/es\/wp-json\/wp\/v2\/media?parent=25002"}],"curies":[{"name":"wp","href":"https:\/\/api.w.org\/{rel}","templated":true}]}}