{"id":25018,"date":"2022-12-09T12:07:59","date_gmt":"2022-12-09T11:07:59","guid":{"rendered":"https:\/\/victorlax.net\/?page_id=25018"},"modified":"2024-02-29T14:29:59","modified_gmt":"2024-02-29T13:29:59","slug":"tarragona","status":"publish","type":"page","link":"https:\/\/victorlax.net\/es\/fotografos-de-sesiones-casuales\/tarragona\/","title":{"rendered":"Sesiones en Tarragona"},"content":{"rendered":"\t\t<div data-elementor-type=\"wp-page\" data-elementor-id=\"25018\" class=\"elementor elementor-25018 elementor-24948\">\n\t\t\t\t\t\t\t\t\t<section class=\"elementor-section elementor-top-section elementor-element elementor-element-3ad64a02 elementor-section-boxed elementor-section-height-default elementor-section-height-default\" data-id=\"3ad64a02\" data-element_type=\"section\">\n\t\t\t\t\t\t<div class=\"elementor-container elementor-column-gap-default\">\n\t\t\t\t\t<div class=\"elementor-column elementor-col-100 elementor-top-column elementor-element elementor-element-31b0337c\" data-id=\"31b0337c\" data-element_type=\"column\">\n\t\t\t<div class=\"elementor-widget-wrap elementor-element-populated\">\n\t\t\t\t\t\t\t\t\t<\/div>\n\t\t<\/div>\n\t\t\t\t\t\t\t<\/div>\n\t\t<\/section>\n\t\t\t\t<section class=\"elementor-section elementor-top-section elementor-element elementor-element-208ed4b elementor-section-boxed elementor-section-height-default elementor-section-height-default\" data-id=\"208ed4b\" data-element_type=\"section\">\n\t\t\t\t\t\t<div class=\"elementor-container elementor-column-gap-default\">\n\t\t\t\t\t<div class=\"elementor-column elementor-col-100 elementor-top-column elementor-element elementor-element-e80e4fb\" data-id=\"e80e4fb\" data-element_type=\"column\">\n\t\t\t<div class=\"elementor-widget-wrap elementor-element-populated\">\n\t\t\t\t\t\t\t\t<div class=\"elementor-element elementor-element-d80e18b elementor-widget elementor-widget-text-editor\" data-id=\"d80e18b\" data-element_type=\"widget\" data-widget_type=\"text-editor.default\">\n\t\t\t\t<div class=\"elementor-widget-container\">\n\t\t\t<style>\/*! elementor - v3.15.0 - 09-08-2023 *\/\n.elementor-widget-text-editor.elementor-drop-cap-view-stacked .elementor-drop-cap{background-color:#69727d;color:#fff}.elementor-widget-text-editor.elementor-drop-cap-view-framed .elementor-drop-cap{color:#69727d;border:3px solid;background-color:transparent}.elementor-widget-text-editor:not(.elementor-drop-cap-view-default) .elementor-drop-cap{margin-top:8px}.elementor-widget-text-editor:not(.elementor-drop-cap-view-default) .elementor-drop-cap-letter{width:1em;height:1em}.elementor-widget-text-editor .elementor-drop-cap{float:left;text-align:center;line-height:1;font-size:50px}.elementor-widget-text-editor .elementor-drop-cap-letter{display:inline-block}<\/style>\t\t\t\t<p><span style=\"font-weight: 400;\">A diferencia de lo que mucha gente puede creer, para hacer una sesi\u00f3n de fotos, no es necesario estar festejando algo y <\/span><strong>no tiene por qu\u00e9 ser un d\u00eda especial. <\/strong><span style=\"font-weight: 400;\">Hay multitud de buenos momentos que son merecedores de una sesi\u00f3n de fotos.\u00a0<\/span><\/p><p><span style=\"font-weight: 400;\">Adem\u00e1s, hay<\/span><strong> innumerables lugares maravillosos<\/strong><span style=\"font-weight: 400;\"> donde puedes <\/span><strong>crear recuerdos y guardarlos <\/strong><span style=\"font-weight: 400;\">en forma de fotograf\u00edas<\/span><strong> para siempre.<\/strong><span style=\"font-weight: 400;\"> Si quieres realizar una sesi\u00f3n de fotos en Tarragona, has llegado al lugar adecuado.\u00a0<\/span><\/p>\t\t\t\t\t\t<\/div>\n\t\t\t\t<\/div>\n\t\t\t\t\t<\/div>\n\t\t<\/div>\n\t\t\t\t\t\t\t<\/div>\n\t\t<\/section>\n\t\t\t\t<section class=\"elementor-section elementor-top-section elementor-element elementor-element-3629eb55 elementor-section-boxed elementor-section-height-default elementor-section-height-default\" data-id=\"3629eb55\" data-element_type=\"section\">\n\t\t\t\t\t\t<div class=\"elementor-container elementor-column-gap-default\">\n\t\t\t\t\t<div class=\"elementor-column elementor-col-100 elementor-top-column elementor-element elementor-element-32846d0\" data-id=\"32846d0\" data-element_type=\"column\">\n\t\t\t<div class=\"elementor-widget-wrap elementor-element-populated\">\n\t\t\t\t\t\t\t\t<div class=\"elementor-element elementor-element-bf79ab8 uael-equal__height-yes uael-posts-thumbnail-ratio apartado_blog elementor-widget elementor-widget-uael-posts\" data-id=\"bf79ab8\" data-element_type=\"widget\" data-settings=\"{&quot;classic_slides_to_show&quot;:3,&quot;classic_slides_to_show_tablet&quot;:2,&quot;classic_slides_to_show_mobile&quot;:1,&quot;classic_pagination_type&quot;:&quot;ajax&quot;}\" data-widget_type=\"uael-posts.classic\">\n\t\t\t\t<div class=\"elementor-widget-container\">\n\t\t\t\t\t<div class=\"uael-post__header\">\n\t\t\t\t\t<\/div>\n\t\t<div class=\"uael-post__body\">\n\t\t\t\n\t\t\n\t\t<div class=\"uael-blog-terms-position-above_content uael-post-image-top uael-post-grid uael-posts\" data-query-type=\"custom\" data-structure=\"normal\" data-layout=\"\" data-page=\"25018\" data-skin=\"classic\" data-filter-default=\"\" data-offset-top=\"30\" >\n\n\t\t\t\t\t\t\t<div class=\"uael-post-grid__inner uael-post__columns-3 uael-post__columns-tablet-2 uael-post__columns-mobile-1\">\n\t\t\t\n<div class=\"uael-post-wrapper   sesi\u00f3n-en-tarragona sesiones-casuales \">\n\t<div class=\"uael-post__bg-wrap\">\n\n\t\t\t\t\n\t\t<div class=\"uael-post__inner-wrap\">\n\n\t\t\t\t<div class=\"uael-post__thumbnail\">\n\t\t\t\n\t\t\t<a href=\"https:\/\/victorlax.net\/es\/sesiones-casuales\/sesion-en-tarragona\/elena-y-alex-cambrils\/\" target=\"_self\" title=\"Elena y \u00c0lex | Cambrils\"><img decoding=\"async\" width=\"800\" height=\"532\" src=\"https:\/\/victorlax.net\/wp-content\/uploads\/2022\/11\/01-11.jpg\" class=\"attachment-full size-full wp-image-15440\" alt=\"\" srcset=\"https:\/\/victorlax.net\/wp-content\/uploads\/2022\/11\/01-11.jpg 800w, https:\/\/victorlax.net\/wp-content\/uploads\/2022\/11\/01-11-526x350.jpg 526w, https:\/\/victorlax.net\/wp-content\/uploads\/2022\/11\/01-11-120x80.jpg 120w, https:\/\/victorlax.net\/wp-content\/uploads\/2022\/11\/01-11-300x200.jpg 300w, https:\/\/victorlax.net\/wp-content\/uploads\/2022\/11\/01-11-150x100.jpg 150w, https:\/\/victorlax.net\/wp-content\/uploads\/2022\/11\/01-11-768x511.jpg 768w\" sizes=\"(max-width: 800px) 100vw, 800px\" \/><\/a>\n\t\t\t\t\t<\/div>\n\t\t\n\t\t\t\n\t\t\t<div class=\"uael-post__content-wrap\">\n\t\t\t\t\t\t\t<div class=\"uael-post__terms-wrap\"><span class=\"uael-post__terms\"><span class=\"uael-listing__terms-link\">Sesi\u00f3n en Tarragona<\/span><span class=\"uael-listing__terms-link\">Sesiones Casuales<\/span><\/span><\/div>\n\t\t\t\t\t\t<h2 class=\"uael-post__title\">\n\n\t\t\n\t\t\t\t\t\t<a href=\"https:\/\/victorlax.net\/es\/sesiones-casuales\/sesion-en-tarragona\/elena-y-alex-cambrils\/\" target=\"_self\">\n\t\t\t\tElena y \u00c0lex | Cambrils\t\t\t<\/a>\n\n\t\t\t\t<\/h2>\n\t\t\n\t\t<div class=\"uael-post__excerpt\">\n\t\t\t<p>Muy contento por haber conocido a esta adorable pareja y haberla fotografiado en algunos de sus rincones favoritos en Cambrils. Fue toda un experiencia poder compartir con ellos una tarde inolvidable. Va a ser todo un gustazo poder acompa\u00f1arles dentro de pocos d\u00edas en un d\u00eda tan especial para ellos. &#8230;<\/p>\n\t\t<\/div>\n\n\t\t\t\t\t<div class=\"uael-post__meta-data\">\n\t\t\t\t\t<\/div>\n\t\t\t\t\t<\/div>\n\t\t\t\n\t\t<\/div>\n\t\t\n\t<\/div>\n\n<\/div>\n\t\t\t\t<\/div>\n\t\t\t\t\t\t\n\t\t<\/div>\n\n\t\t\t\t\t\t<\/div>\n\t\t<div class=\"uael-post__footer\">\n\t\t\t\t\t<\/div>\n\t\t\t\t<\/div>\n\t\t\t\t<\/div>\n\t\t\t\t\t<\/div>\n\t\t<\/div>\n\t\t\t\t\t\t\t<\/div>\n\t\t<\/section>\n\t\t\t\t<section class=\"elementor-section elementor-top-section elementor-element elementor-element-0af9dd2 elementor-section-boxed elementor-section-height-default elementor-section-height-default\" data-id=\"0af9dd2\" data-element_type=\"section\">\n\t\t\t\t\t\t<div class=\"elementor-container elementor-column-gap-default\">\n\t\t\t\t\t<div class=\"elementor-column elementor-col-100 elementor-top-column elementor-element elementor-element-d79b29d\" data-id=\"d79b29d\" data-element_type=\"column\">\n\t\t\t<div class=\"elementor-widget-wrap elementor-element-populated\">\n\t\t\t\t\t\t\t\t<div class=\"elementor-element elementor-element-9bcb845 elementor-widget elementor-widget-text-editor\" data-id=\"9bcb845\" data-element_type=\"widget\" data-widget_type=\"text-editor.default\">\n\t\t\t\t<div class=\"elementor-widget-container\">\n\t\t\t\t\t\t\t<h2><strong>Sesiones de fotos en Tarragona<\/strong><\/h2><p><span style=\"font-weight: 400;\">Aunque puedas pensar que no, Tarragona es un lugar con un encanto especial, y puede ser un escenario memorable para cualquier sesi\u00f3n de fotos. Esto pensaron <\/span><a href=\"https:\/\/victorlax.net\/es\/sesiones-casuales\/sesion-en-tarragona\/elena-y-alex-cambrils\/\" target=\"_blank\" rel=\"noopener\"><span style=\"font-weight: 400;\">Elena y \u00c1lex <\/span><\/a><span style=\"font-weight: 400;\">cuando nos llamaron para hacer una sesi\u00f3n casual de fotos unos d\u00edas antes de su boda. Una pareja adorable que pudimos retratar en sus rincones favoritos de <\/span><strong>Cambrils<\/strong><span style=\"font-weight: 400;\">, en Tarragona.\u00a0<\/span><\/p><p><span style=\"font-weight: 400;\">Si t\u00fa tambi\u00e9n quieres tener una sesi\u00f3n de fotos en Tarragona como esta, no dudes en ponerte en contacto con nosotros, tanto si la quieres en Tarragona capital, como en cualquiera de los pueblos cercanos como <\/span><strong>Reus, Salou, Vila-Seca<\/strong><span style=\"font-weight: 400;\"> o<\/span><strong> Montblanc<\/strong><span style=\"font-weight: 400;\">, o cualquier otro. Estaremos encantados de ayudarte a crear <\/span><strong>recuerdos inolvidables.<\/strong><\/p><h2><strong>Mejor fot\u00f3grafo de sesiones de fotos en Tarragona<\/strong><\/h2><p><span style=\"font-weight: 400;\">Por lo general, cuando nos solicitan realizar una sesi\u00f3n de fotos casual, suele ser un par de d\u00edas antes de la boda, para ellos <\/span><strong>familiarizarse con la c\u00e1mara, y nosotros con ellos<\/strong><span style=\"font-weight: 400;\">. De esta manera, el resultado el d\u00eda de la ceremonia ser\u00e1 a\u00fan mejor. Pero no te preocupes, podemos realizar una<\/span><a href=\"https:\/\/victorlax.net\/es\/fotografos-de-sesiones-casuales\/\" target=\"_blank\" rel=\"noopener\"><span style=\"font-weight: 400;\"> sesi\u00f3n casual,<\/span><\/a><span style=\"font-weight: 400;\"> incluso si no te vas a casar. Se trata de <\/span><strong>hacer de un d\u00eda cualquiera, uno especial<\/strong><span style=\"font-weight: 400;\"> para recordar toda la vida. En muchas ocasiones, estas son las mejores fotograf\u00edas.\u00a0<\/span><\/p><p><span style=\"font-weight: 400;\">No importa el lugar, seas de donde seas y aunque quieras realizar una sesi\u00f3n de fotos en el otro lado del mundo, estamos dispuestos a acompa\u00f1arte y a<\/span><strong> ayudarte a recordarlo para siempre<\/strong><span style=\"font-weight: 400;\">.<\/span><\/p>\t\t\t\t\t\t<\/div>\n\t\t\t\t<\/div>\n\t\t\t\t\t<\/div>\n\t\t<\/div>\n\t\t\t\t\t\t\t<\/div>\n\t\t<\/section>\n\t\t\t\t<section class=\"elementor-section elementor-top-section elementor-element elementor-element-ca1abb4 elementor-section-full_width elementor-section-height-default elementor-section-height-default\" data-id=\"ca1abb4\" data-element_type=\"section\">\n\t\t\t\t\t\t<div class=\"elementor-container elementor-column-gap-default\">\n\t\t\t\t\t<div class=\"elementor-column elementor-col-100 elementor-top-column elementor-element elementor-element-4ace750\" data-id=\"4ace750\" data-element_type=\"column\">\n\t\t\t<div class=\"elementor-widget-wrap elementor-element-populated\">\n\t\t\t\t\t\t\t\t<div class=\"elementor-element elementor-element-0992d51 elementor-widget elementor-widget-shortcode\" data-id=\"0992d51\" data-element_type=\"widget\" data-widget_type=\"shortcode.default\">\n\t\t\t\t<div class=\"elementor-widget-container\">\n\t\t\t\t\t<div class=\"elementor-shortcode\">\t\t<div data-elementor-type=\"section\" data-elementor-id=\"27287\" class=\"elementor elementor-27287 elementor-27284\">\n\t\t\t\t\t\t\t\t<section class=\"elementor-section elementor-top-section elementor-element elementor-element-58d1bd43 elementor-section-full_width elementor-section-height-min-height elementor-section-items-stretch elementor-section-content-space-between elementor-section-height-default\" data-id=\"58d1bd43\" data-element_type=\"section\" data-settings=\"{&quot;background_background&quot;:&quot;classic&quot;}\">\n\t\t\t\t\t\t<div class=\"elementor-container elementor-column-gap-default\">\n\t\t\t\t\t<div class=\"elementor-column elementor-col-100 elementor-top-column elementor-element elementor-element-1e32e265\" data-id=\"1e32e265\" data-element_type=\"column\">\n\t\t\t<div class=\"elementor-widget-wrap elementor-element-populated\">\n\t\t\t\t\t\t\t\t<div class=\"elementor-element elementor-element-2ea7b57f elementor-widget elementor-widget-heading\" data-id=\"2ea7b57f\" data-element_type=\"widget\" data-widget_type=\"heading.default\">\n\t\t\t\t<div class=\"elementor-widget-container\">\n\t\t\t<style>\/*! elementor - v3.15.0 - 09-08-2023 *\/\n.elementor-heading-title{padding:0;margin:0;line-height:1}.elementor-widget-heading .elementor-heading-title[class*=elementor-size-]>a{color:inherit;font-size:inherit;line-height:inherit}.elementor-widget-heading .elementor-heading-title.elementor-size-small{font-size:15px}.elementor-widget-heading .elementor-heading-title.elementor-size-medium{font-size:19px}.elementor-widget-heading .elementor-heading-title.elementor-size-large{font-size:29px}.elementor-widget-heading .elementor-heading-title.elementor-size-xl{font-size:39px}.elementor-widget-heading .elementor-heading-title.elementor-size-xxl{font-size:59px}<\/style><h3 class=\"elementor-heading-title elementor-size-default\">Elige donde te quieres casar y ahi estaremos<\/h3>\t\t<\/div>\n\t\t\t\t<\/div>\n\t\t\t\t<div class=\"elementor-element elementor-element-5c43c3ed elementor-align-center elementor-widget elementor-widget-button\" data-id=\"5c43c3ed\" data-element_type=\"widget\" data-widget_type=\"button.default\">\n\t\t\t\t<div class=\"elementor-widget-container\">\n\t\t\t\t\t<div class=\"elementor-button-wrapper\">\n\t\t\t<a class=\"elementor-button elementor-button-link elementor-size-md\" href=\"https:\/\/victorlax.net\/es\/contactar\/\">\n\t\t\t\t\t\t<span class=\"elementor-button-content-wrapper\">\n\t\t\t\t\t\t<span class=\"elementor-button-text\">Contactar<\/span>\n\t\t<\/span>\n\t\t\t\t\t<\/a>\n\t\t<\/div>\n\t\t\t\t<\/div>\n\t\t\t\t<\/div>\n\t\t\t\t\t<\/div>\n\t\t<\/div>\n\t\t\t\t\t\t\t<\/div>\n\t\t<\/section>\n\t\t\t\t\t\t<\/div>\n\t\t<\/div>\n\t\t\t\t<\/div>\n\t\t\t\t<\/div>\n\t\t\t\t\t<\/div>\n\t\t<\/div>\n\t\t\t\t\t\t\t<\/div>\n\t\t<\/section>\n\t\t\t\t\t\t\t<\/div>\n\t\t","protected":false},"excerpt":{"rendered":"<p>A diferencia de lo que mucha gente puede creer, para hacer una sesi\u00f3n de fotos, no es necesario estar festejando algo y no tiene por qu\u00e9 ser un d\u00eda especial. Hay multitud de buenos momentos que son merecedores de una sesi\u00f3n de fotos.\u00a0 Adem\u00e1s, hay innumerables lugares maravillosos donde puedes crear recuerdos y guardarlos en [&hellip;]<\/p>\n","protected":false},"author":1,"featured_media":0,"parent":24994,"menu_order":0,"comment_status":"closed","ping_status":"closed","template":"elementor-template.php","meta":{"inline_featured_image":false,"footnotes":"","_links_to":"","_links_to_target":""},"acf":[],"yoast_head":"<!-- This site is optimized with the Yoast SEO plugin v19.10 - https:\/\/yoast.com\/wordpress\/plugins\/seo\/ -->\n<title>Sesi\u00f3n de fotos en Tarragona profesional: estilo casual<\/title>\n<meta name=\"description\" content=\"Los mejores fot\u00f3grafos para realizar una sesi\u00f3n de fotos en Tarragona. Fotograf\u00edas \u00fanicas que paran el tiempo para capturar momentos inolvidables\" \/>\n<meta name=\"robots\" content=\"index, follow, max-snippet:-1, max-image-preview:large, max-video-preview:-1\" \/>\n<link rel=\"canonical\" href=\"https:\/\/victorlax.net\/es\/fotografos-de-sesiones-casuales\/tarragona\/\" \/>\n<meta property=\"og:locale\" content=\"es_ES\" \/>\n<meta property=\"og:type\" content=\"article\" \/>\n<meta property=\"og:title\" content=\"Sesi\u00f3n de fotos en Tarragona profesional: estilo casual\" \/>\n<meta property=\"og:description\" content=\"Los mejores fot\u00f3grafos para realizar una sesi\u00f3n de fotos en Tarragona. Fotograf\u00edas \u00fanicas que paran el tiempo para capturar momentos inolvidables\" \/>\n<meta property=\"og:url\" content=\"https:\/\/victorlax.net\/es\/fotografos-de-sesiones-casuales\/tarragona\/\" \/>\n<meta property=\"og:site_name\" content=\"VictorLax\" \/>\n<meta property=\"article:modified_time\" content=\"2024-02-29T13:29:59+00:00\" \/>\n<meta property=\"og:image\" content=\"https:\/\/victorlax.net\/wp-content\/uploads\/2022\/11\/01-11.jpg\" \/>\n<meta name=\"twitter:card\" content=\"summary_large_image\" \/>\n<meta name=\"twitter:label1\" content=\"Est. reading time\" \/>\n\t<meta name=\"twitter:data1\" content=\"2 minutes\" \/>\n<!-- \/ Yoast SEO plugin. -->","yoast_head_json":{"title":"Sesi\u00f3n de fotos en Tarragona profesional: estilo casual","description":"Los mejores fot\u00f3grafos para realizar una sesi\u00f3n de fotos en Tarragona. Fotograf\u00edas \u00fanicas que paran el tiempo para capturar momentos inolvidables","robots":{"index":"index","follow":"follow","max-snippet":"max-snippet:-1","max-image-preview":"max-image-preview:large","max-video-preview":"max-video-preview:-1"},"canonical":"https:\/\/victorlax.net\/es\/fotografos-de-sesiones-casuales\/tarragona\/","og_locale":"es_ES","og_type":"article","og_title":"Sesi\u00f3n de fotos en Tarragona profesional: estilo casual","og_description":"Los mejores fot\u00f3grafos para realizar una sesi\u00f3n de fotos en Tarragona. Fotograf\u00edas \u00fanicas que paran el tiempo para capturar momentos inolvidables","og_url":"https:\/\/victorlax.net\/es\/fotografos-de-sesiones-casuales\/tarragona\/","og_site_name":"VictorLax","article_modified_time":"2024-02-29T13:29:59+00:00","og_image":[{"url":"https:\/\/victorlax.net\/wp-content\/uploads\/2022\/11\/01-11.jpg"}],"twitter_card":"summary_large_image","twitter_misc":{"Est. reading time":"2 minutes"},"schema":{"@context":"https:\/\/schema.org","@graph":[{"@type":"WebPage","@id":"https:\/\/victorlax.net\/es\/fotografos-de-sesiones-casuales\/tarragona\/","url":"https:\/\/victorlax.net\/es\/fotografos-de-sesiones-casuales\/tarragona\/","name":"Sesi\u00f3n de fotos en Tarragona profesional: estilo casual","isPartOf":{"@id":"https:\/\/victorlax.net\/es\/#website"},"datePublished":"2022-12-09T11:07:59+00:00","dateModified":"2024-02-29T13:29:59+00:00","description":"Los mejores fot\u00f3grafos para realizar una sesi\u00f3n de fotos en Tarragona. Fotograf\u00edas \u00fanicas que paran el tiempo para capturar momentos inolvidables","breadcrumb":{"@id":"https:\/\/victorlax.net\/es\/fotografos-de-sesiones-casuales\/tarragona\/#breadcrumb"},"inLanguage":"es","potentialAction":[{"@type":"ReadAction","target":["https:\/\/victorlax.net\/es\/fotografos-de-sesiones-casuales\/tarragona\/"]}]},{"@type":"BreadcrumbList","@id":"https:\/\/victorlax.net\/es\/fotografos-de-sesiones-casuales\/tarragona\/#breadcrumb","itemListElement":[{"@type":"ListItem","position":1,"name":"Inicio","item":"https:\/\/victorlax.net\/es\/"},{"@type":"ListItem","position":2,"name":"Fot\u00f3grafos de Sesiones Casuales","item":"https:\/\/victorlax.net\/es\/casual-session\/"},{"@type":"ListItem","position":3,"name":"Sesiones en Tarragona"}]},{"@type":"WebSite","@id":"https:\/\/victorlax.net\/es\/#website","url":"https:\/\/victorlax.net\/es\/","name":"VictorLax","description":"Convertimos tu boda en una obra de arte","potentialAction":[{"@type":"SearchAction","target":{"@type":"EntryPoint","urlTemplate":"https:\/\/victorlax.net\/es\/?s={search_term_string}"},"query-input":"required name=search_term_string"}],"inLanguage":"es"}]}},"_links":{"self":[{"href":"https:\/\/victorlax.net\/es\/wp-json\/wp\/v2\/pages\/25018"}],"collection":[{"href":"https:\/\/victorlax.net\/es\/wp-json\/wp\/v2\/pages"}],"about":[{"href":"https:\/\/victorlax.net\/es\/wp-json\/wp\/v2\/types\/page"}],"author":[{"embeddable":true,"href":"https:\/\/victorlax.net\/es\/wp-json\/wp\/v2\/users\/1"}],"replies":[{"embeddable":true,"href":"https:\/\/victorlax.net\/es\/wp-json\/wp\/v2\/comments?post=25018"}],"version-history":[{"count":3,"href":"https:\/\/victorlax.net\/es\/wp-json\/wp\/v2\/pages\/25018\/revisions"}],"predecessor-version":[{"id":34877,"href":"https:\/\/victorlax.net\/es\/wp-json\/wp\/v2\/pages\/25018\/revisions\/34877"}],"up":[{"embeddable":true,"href":"https:\/\/victorlax.net\/es\/wp-json\/wp\/v2\/pages\/24994"}],"wp:attachment":[{"href":"https:\/\/victorlax.net\/es\/wp-json\/wp\/v2\/media?parent=25018"}],"curies":[{"name":"wp","href":"https:\/\/api.w.org\/{rel}","templated":true}]}}