{"id":25187,"date":"2022-12-09T11:11:45","date_gmt":"2022-12-09T10:11:45","guid":{"rendered":"https:\/\/victorlax.net\/?page_id=25187"},"modified":"2023-03-27T17:08:28","modified_gmt":"2023-03-27T15:08:28","slug":"rusia","status":"publish","type":"page","link":"https:\/\/victorlax.net\/es\/fotografo-de-bodas\/rusia\/","title":{"rendered":"Bodas en Rusia"},"content":{"rendered":"\t\t<div data-elementor-type=\"wp-page\" data-elementor-id=\"25187\" class=\"elementor elementor-25187 elementor-24875\">\n\t\t\t\t\t\t\t\t\t<section class=\"elementor-section elementor-top-section elementor-element elementor-element-3ad64a02 elementor-section-boxed elementor-section-height-default elementor-section-height-default\" data-id=\"3ad64a02\" data-element_type=\"section\">\n\t\t\t\t\t\t<div class=\"elementor-container elementor-column-gap-default\">\n\t\t\t\t\t<div class=\"elementor-column elementor-col-100 elementor-top-column elementor-element elementor-element-31b0337c\" data-id=\"31b0337c\" data-element_type=\"column\">\n\t\t\t<div class=\"elementor-widget-wrap elementor-element-populated\">\n\t\t\t\t\t\t\t\t<div class=\"elementor-element elementor-element-39e7fc9c elementor-widget elementor-widget-heading\" data-id=\"39e7fc9c\" data-element_type=\"widget\" data-widget_type=\"heading.default\">\n\t\t\t\t<div class=\"elementor-widget-container\">\n\t\t\t<style>\/*! elementor - v3.15.0 - 09-08-2023 *\/\n.elementor-heading-title{padding:0;margin:0;line-height:1}.elementor-widget-heading .elementor-heading-title[class*=elementor-size-]>a{color:inherit;font-size:inherit;line-height:inherit}.elementor-widget-heading .elementor-heading-title.elementor-size-small{font-size:15px}.elementor-widget-heading .elementor-heading-title.elementor-size-medium{font-size:19px}.elementor-widget-heading .elementor-heading-title.elementor-size-large{font-size:29px}.elementor-widget-heading .elementor-heading-title.elementor-size-xl{font-size:39px}.elementor-widget-heading .elementor-heading-title.elementor-size-xxl{font-size:59px}<\/style><h1 class=\"elementor-heading-title elementor-size-default\">Bodas en Rusia<\/h1>\t\t<\/div>\n\t\t\t\t<\/div>\n\t\t\t\t\t<\/div>\n\t\t<\/div>\n\t\t\t\t\t\t\t<\/div>\n\t\t<\/section>\n\t\t\t\t<section class=\"elementor-section elementor-top-section elementor-element elementor-element-3629eb55 elementor-section-boxed elementor-section-height-default elementor-section-height-default\" data-id=\"3629eb55\" data-element_type=\"section\">\n\t\t\t\t\t\t<div class=\"elementor-container elementor-column-gap-default\">\n\t\t\t\t\t<div class=\"elementor-column elementor-col-100 elementor-top-column elementor-element elementor-element-32846d0\" data-id=\"32846d0\" data-element_type=\"column\">\n\t\t\t<div class=\"elementor-widget-wrap elementor-element-populated\">\n\t\t\t\t\t\t\t\t<div class=\"elementor-element elementor-element-bf79ab8 uael-equal__height-yes uael-posts-thumbnail-ratio apartado_blog elementor-widget elementor-widget-uael-posts\" data-id=\"bf79ab8\" data-element_type=\"widget\" data-settings=\"{&quot;classic_slides_to_show&quot;:3,&quot;classic_slides_to_show_tablet&quot;:2,&quot;classic_slides_to_show_mobile&quot;:1,&quot;classic_pagination_type&quot;:&quot;ajax&quot;}\" data-widget_type=\"uael-posts.classic\">\n\t\t\t\t<div class=\"elementor-widget-container\">\n\t\t\t\t\t<div class=\"uael-post__grid-empty\">\n\t\t\t<p>Lo sentimos, no encontramos ning\u00fan art\u00edculo que pertenezca a estas categor\u00edas.<\/p>\n\t\t\t\t\t<\/div>\n\t\t\t\t<\/div>\n\t\t\t\t<\/div>\n\t\t\t\t\t<\/div>\n\t\t<\/div>\n\t\t\t\t\t\t\t<\/div>\n\t\t<\/section>\n\t\t\t\t<section class=\"elementor-section elementor-top-section elementor-element elementor-element-eeb294e elementor-section-full_width elementor-section-height-default elementor-section-height-default\" data-id=\"eeb294e\" data-element_type=\"section\">\n\t\t\t\t\t\t<div class=\"elementor-container elementor-column-gap-default\">\n\t\t\t\t\t<div class=\"elementor-column elementor-col-100 elementor-top-column elementor-element elementor-element-08dfa5e\" data-id=\"08dfa5e\" data-element_type=\"column\">\n\t\t\t<div class=\"elementor-widget-wrap elementor-element-populated\">\n\t\t\t\t\t\t\t\t<div class=\"elementor-element elementor-element-dd29707 elementor-widget elementor-widget-shortcode\" data-id=\"dd29707\" data-element_type=\"widget\" data-widget_type=\"shortcode.default\">\n\t\t\t\t<div class=\"elementor-widget-container\">\n\t\t\t\t\t<div class=\"elementor-shortcode\">\t\t<div data-elementor-type=\"section\" data-elementor-id=\"27287\" class=\"elementor elementor-27287 elementor-27284\">\n\t\t\t\t\t\t\t\t<section class=\"elementor-section elementor-top-section elementor-element elementor-element-58d1bd43 elementor-section-full_width elementor-section-height-min-height elementor-section-items-stretch elementor-section-content-space-between elementor-section-height-default\" data-id=\"58d1bd43\" data-element_type=\"section\" data-settings=\"{&quot;background_background&quot;:&quot;classic&quot;}\">\n\t\t\t\t\t\t<div class=\"elementor-container elementor-column-gap-default\">\n\t\t\t\t\t<div class=\"elementor-column elementor-col-100 elementor-top-column elementor-element elementor-element-1e32e265\" data-id=\"1e32e265\" data-element_type=\"column\">\n\t\t\t<div class=\"elementor-widget-wrap elementor-element-populated\">\n\t\t\t\t\t\t\t\t<div class=\"elementor-element elementor-element-2ea7b57f elementor-widget elementor-widget-heading\" data-id=\"2ea7b57f\" data-element_type=\"widget\" data-widget_type=\"heading.default\">\n\t\t\t\t<div class=\"elementor-widget-container\">\n\t\t\t<h3 class=\"elementor-heading-title elementor-size-default\">Elige donde te quieres casar y ahi estaremos<\/h3>\t\t<\/div>\n\t\t\t\t<\/div>\n\t\t\t\t<div class=\"elementor-element elementor-element-5c43c3ed elementor-align-center elementor-widget elementor-widget-button\" data-id=\"5c43c3ed\" data-element_type=\"widget\" data-widget_type=\"button.default\">\n\t\t\t\t<div class=\"elementor-widget-container\">\n\t\t\t\t\t<div class=\"elementor-button-wrapper\">\n\t\t\t<a class=\"elementor-button elementor-button-link elementor-size-md\" href=\"https:\/\/victorlax.net\/es\/contactar\/\">\n\t\t\t\t\t\t<span class=\"elementor-button-content-wrapper\">\n\t\t\t\t\t\t<span class=\"elementor-button-text\">Contactar<\/span>\n\t\t<\/span>\n\t\t\t\t\t<\/a>\n\t\t<\/div>\n\t\t\t\t<\/div>\n\t\t\t\t<\/div>\n\t\t\t\t\t<\/div>\n\t\t<\/div>\n\t\t\t\t\t\t\t<\/div>\n\t\t<\/section>\n\t\t\t\t\t\t<\/div>\n\t\t<\/div>\n\t\t\t\t<\/div>\n\t\t\t\t<\/div>\n\t\t\t\t\t<\/div>\n\t\t<\/div>\n\t\t\t\t\t\t\t<\/div>\n\t\t<\/section>\n\t\t\t\t<section class=\"elementor-section elementor-top-section elementor-element elementor-element-2b6c055 elementor-section-boxed elementor-section-height-default elementor-section-height-default\" data-id=\"2b6c055\" data-element_type=\"section\">\n\t\t\t\t\t\t<div class=\"elementor-container elementor-column-gap-default\">\n\t\t\t\t\t<div class=\"elementor-column elementor-col-100 elementor-top-column elementor-element elementor-element-da155b8\" data-id=\"da155b8\" data-element_type=\"column\">\n\t\t\t<div class=\"elementor-widget-wrap elementor-element-populated\">\n\t\t\t\t\t\t\t\t<div class=\"elementor-element elementor-element-8ccd30f elementor-widget elementor-widget-shortcode\" data-id=\"8ccd30f\" data-element_type=\"widget\" data-widget_type=\"shortcode.default\">\n\t\t\t\t<div class=\"elementor-widget-container\">\n\t\t\t\t\t<div class=\"elementor-shortcode\">\t\t<div data-elementor-type=\"section\" data-elementor-id=\"28007\" class=\"elementor elementor-28007\">\n\t\t\t\t\t\t\t\t<section class=\"elementor-section elementor-top-section elementor-element elementor-element-24da6930 elementor-section-boxed elementor-section-height-default elementor-section-height-default\" data-id=\"24da6930\" data-element_type=\"section\">\n\t\t\t\t\t\t<div class=\"elementor-container elementor-column-gap-default\">\n\t\t\t\t\t<div class=\"elementor-column elementor-col-100 elementor-top-column elementor-element elementor-element-173374dc\" data-id=\"173374dc\" data-element_type=\"column\">\n\t\t\t<div class=\"elementor-widget-wrap elementor-element-populated\">\n\t\t\t\t\t\t\t\t<div class=\"elementor-element elementor-element-626c622d elementor-widget elementor-widget-heading\" data-id=\"626c622d\" data-element_type=\"widget\" data-widget_type=\"heading.default\">\n\t\t\t\t<div class=\"elementor-widget-container\">\n\t\t\t<h3 class=\"elementor-heading-title elementor-size-default\">Como se ve el amor en todo el mundo<\/h3>\t\t<\/div>\n\t\t\t\t<\/div>\n\t\t\t\t<div class=\"elementor-element elementor-element-5d8ba3f1 elementor-widget elementor-widget-text-editor\" data-id=\"5d8ba3f1\" data-element_type=\"widget\" data-widget_type=\"text-editor.default\">\n\t\t\t\t<div class=\"elementor-widget-container\">\n\t\t\t<style>\/*! elementor - v3.15.0 - 09-08-2023 *\/\n.elementor-widget-text-editor.elementor-drop-cap-view-stacked .elementor-drop-cap{background-color:#69727d;color:#fff}.elementor-widget-text-editor.elementor-drop-cap-view-framed .elementor-drop-cap{color:#69727d;border:3px solid;background-color:transparent}.elementor-widget-text-editor:not(.elementor-drop-cap-view-default) .elementor-drop-cap{margin-top:8px}.elementor-widget-text-editor:not(.elementor-drop-cap-view-default) .elementor-drop-cap-letter{width:1em;height:1em}.elementor-widget-text-editor .elementor-drop-cap{float:left;text-align:center;line-height:1;font-size:50px}.elementor-widget-text-editor .elementor-drop-cap-letter{display:inline-block}<\/style>\t\t\t\t<p>Nuestras \u00faltimas bodas<\/p>\t\t\t\t\t\t<\/div>\n\t\t\t\t<\/div>\n\t\t\t\t\t<\/div>\n\t\t<\/div>\n\t\t\t\t\t\t\t<\/div>\n\t\t<\/section>\n\t\t\t\t\t\t<\/div>\n\t\t<\/div>\n\t\t\t\t<\/div>\n\t\t\t\t<\/div>\n\t\t\t\t\t<\/div>\n\t\t<\/div>\n\t\t\t\t\t\t\t<\/div>\n\t\t<\/section>\n\t\t\t\t<section class=\"elementor-section elementor-top-section elementor-element elementor-element-9158580 elementor-section-full_width elementor-section-height-default elementor-section-height-default\" data-id=\"9158580\" data-element_type=\"section\">\n\t\t\t\t\t\t<div class=\"elementor-container elementor-column-gap-default\">\n\t\t\t\t\t<div class=\"elementor-column elementor-col-100 elementor-top-column elementor-element elementor-element-27055b5\" data-id=\"27055b5\" data-element_type=\"column\">\n\t\t\t<div class=\"elementor-widget-wrap elementor-element-populated\">\n\t\t\t\t\t\t\t\t<div class=\"elementor-element elementor-element-86ad8a6 elementor-widget elementor-widget-shortcode\" data-id=\"86ad8a6\" data-element_type=\"widget\" data-widget_type=\"shortcode.default\">\n\t\t\t\t<div class=\"elementor-widget-container\">\n\t\t\t\t\t<div class=\"elementor-shortcode\">\t\t<div data-elementor-type=\"section\" data-elementor-id=\"28010\" class=\"elementor elementor-28010\">\n\t\t\t\t\t\t\t\t<section class=\"elementor-section elementor-top-section elementor-element elementor-element-17c023be elementor-section-full_width section_carousel-home elementor-section-height-default elementor-section-height-default\" data-id=\"17c023be\" data-element_type=\"section\">\n\t\t\t\t\t\t<div class=\"elementor-container elementor-column-gap-no\">\n\t\t\t\t\t<div class=\"elementor-column elementor-col-100 elementor-top-column elementor-element elementor-element-1b3b59d6\" data-id=\"1b3b59d6\" data-element_type=\"column\">\n\t\t\t<div class=\"elementor-widget-wrap elementor-element-populated\">\n\t\t\t\t\t\t\t\t<div class=\"elementor-element elementor-element-1cd06b60 elementor-arrows-position-outside elementor-pagination-position-outside elementor-widget elementor-widget-image-carousel\" data-id=\"1cd06b60\" data-element_type=\"widget\" data-settings=\"{&quot;lazyload&quot;:&quot;yes&quot;,&quot;slides_to_show&quot;:&quot;4&quot;,&quot;slides_to_scroll&quot;:&quot;1&quot;,&quot;navigation&quot;:&quot;both&quot;,&quot;autoplay&quot;:&quot;yes&quot;,&quot;pause_on_hover&quot;:&quot;yes&quot;,&quot;pause_on_interaction&quot;:&quot;yes&quot;,&quot;autoplay_speed&quot;:5000,&quot;infinite&quot;:&quot;yes&quot;,&quot;speed&quot;:500,&quot;image_spacing_custom&quot;:{&quot;unit&quot;:&quot;px&quot;,&quot;size&quot;:20,&quot;sizes&quot;:[]},&quot;image_spacing_custom_tablet&quot;:{&quot;unit&quot;:&quot;px&quot;,&quot;size&quot;:&quot;&quot;,&quot;sizes&quot;:[]},&quot;image_spacing_custom_mobile&quot;:{&quot;unit&quot;:&quot;px&quot;,&quot;size&quot;:&quot;&quot;,&quot;sizes&quot;:[]}}\" data-widget_type=\"image-carousel.default\">\n\t\t\t\t<div class=\"elementor-widget-container\">\n\t\t\t<style>\/*! elementor - v3.15.0 - 09-08-2023 *\/\n.elementor-widget-image-carousel .swiper,.elementor-widget-image-carousel .swiper-container{position:static}.elementor-widget-image-carousel .swiper-container .swiper-slide figure,.elementor-widget-image-carousel .swiper .swiper-slide figure{line-height:inherit}.elementor-widget-image-carousel .swiper-slide{text-align:center}.elementor-image-carousel-wrapper:not(.swiper-container-initialized):not(.swiper-initialized) .swiper-slide{max-width:calc(100% \/ var(--e-image-carousel-slides-to-show, 3))}<\/style>\t\t<div class=\"elementor-image-carousel-wrapper swiper-container\" dir=\"ltr\">\n\t\t\t<div class=\"elementor-image-carousel swiper-wrapper\" aria-live=\"off\">\n\t\t\t\t\t\t\t\t<div class=\"swiper-slide\" role=\"group\" aria-roledescription=\"slide\" aria-label=\"1 of 10\"><a title=\"MALLORCA\" href=\"https:\/\/victorlax.net\/es\/fotografo-de-bodas\/mallorca\/\" ><figure class=\"swiper-slide-inner\"><img class=\"swiper-slide-image swiper-lazy\" data-src=\"https:\/\/victorlax.net\/wp-content\/uploads\/2023\/01\/inicio_mallorca.jpg\" alt=\"MALLORCA\" \/><div class=\"swiper-lazy-preloader\"><\/div><figcaption class=\"elementor-image-carousel-caption\">MALLORCA<\/figcaption><\/figure><\/a><\/div><div class=\"swiper-slide\" role=\"group\" aria-roledescription=\"slide\" aria-label=\"2 of 10\"><a title=\"INDIA\" href=\"https:\/\/victorlax.net\/es\/fotografo-de-bodas\/india\/\" ><figure class=\"swiper-slide-inner\"><img class=\"swiper-slide-image swiper-lazy\" data-src=\"https:\/\/victorlax.net\/wp-content\/uploads\/2023\/02\/inicio_india.jpg\" alt=\"INDIA\" \/><div class=\"swiper-lazy-preloader\"><\/div><figcaption class=\"elementor-image-carousel-caption\">INDIA<\/figcaption><\/figure><\/a><\/div><div class=\"swiper-slide\" role=\"group\" aria-roledescription=\"slide\" aria-label=\"3 of 10\"><a title=\"SUR DE FRANCIA\" href=\"https:\/\/victorlax.net\/es\/fotografo-de-bodas\/sur-francia\/\" ><figure class=\"swiper-slide-inner\"><img class=\"swiper-slide-image swiper-lazy\" data-src=\"https:\/\/victorlax.net\/wp-content\/uploads\/2023\/01\/inicio_south-france.jpg\" alt=\"SUR DE FRANCIA\" \/><div class=\"swiper-lazy-preloader\"><\/div><figcaption class=\"elementor-image-carousel-caption\">SUR DE FRANCIA<\/figcaption><\/figure><\/a><\/div><div class=\"swiper-slide\" role=\"group\" aria-roledescription=\"slide\" aria-label=\"4 of 10\"><a title=\"BARCELONA\" href=\"https:\/\/victorlax.net\/es\/fotografo-de-bodas\/barcelona\/\" ><figure class=\"swiper-slide-inner\"><img class=\"swiper-slide-image swiper-lazy\" data-src=\"https:\/\/victorlax.net\/wp-content\/uploads\/2023\/01\/inicio_barcelona.jpg\" alt=\"BARCELONA\" \/><div class=\"swiper-lazy-preloader\"><\/div><figcaption class=\"elementor-image-carousel-caption\">BARCELONA<\/figcaption><\/figure><\/a><\/div><div class=\"swiper-slide\" role=\"group\" aria-roledescription=\"slide\" aria-label=\"5 of 10\"><a title=\"TOSCANA\" href=\"https:\/\/victorlax.net\/es\/fotografo-de-bodas\/toscana\/\" ><figure class=\"swiper-slide-inner\"><img class=\"swiper-slide-image swiper-lazy\" data-src=\"https:\/\/victorlax.net\/wp-content\/uploads\/2023\/01\/inicio_tuscany.jpg\" alt=\"TOSCANA\" \/><div class=\"swiper-lazy-preloader\"><\/div><figcaption class=\"elementor-image-carousel-caption\">TOSCANA<\/figcaption><\/figure><\/a><\/div><div class=\"swiper-slide\" role=\"group\" aria-roledescription=\"slide\" aria-label=\"6 of 10\"><a title=\"IBIZA\" href=\"https:\/\/victorlax.net\/es\/fotografo-de-bodas\/ibiza\/\" ><figure class=\"swiper-slide-inner\"><img class=\"swiper-slide-image swiper-lazy\" data-src=\"https:\/\/victorlax.net\/wp-content\/uploads\/2023\/01\/inicio_ibiza.jpg\" alt=\"IBIZA\" \/><div class=\"swiper-lazy-preloader\"><\/div><figcaption class=\"elementor-image-carousel-caption\">IBIZA<\/figcaption><\/figure><\/a><\/div><div class=\"swiper-slide\" role=\"group\" aria-roledescription=\"slide\" aria-label=\"7 of 10\"><a title=\"COSTA BRAVA\" href=\"https:\/\/victorlax.net\/es\/fotografo-de-bodas\/costa-brava\/\" ><figure class=\"swiper-slide-inner\"><img class=\"swiper-slide-image swiper-lazy\" data-src=\"https:\/\/victorlax.net\/wp-content\/uploads\/2023\/01\/inicio_costa-brava.jpg\" alt=\"COSTA BRAVA\" \/><div class=\"swiper-lazy-preloader\"><\/div><figcaption class=\"elementor-image-carousel-caption\">COSTA BRAVA<\/figcaption><\/figure><\/a><\/div><div class=\"swiper-slide\" role=\"group\" aria-roledescription=\"slide\" aria-label=\"8 of 10\"><a title=\"PUGLIA\" href=\"https:\/\/victorlax.net\/es\/fotografo-de-bodas\/puglia\/\" ><figure class=\"swiper-slide-inner\"><img class=\"swiper-slide-image swiper-lazy\" data-src=\"https:\/\/victorlax.net\/wp-content\/uploads\/2023\/01\/inicio_puglia.jpg\" alt=\"PUGLIA\" \/><div class=\"swiper-lazy-preloader\"><\/div><figcaption class=\"elementor-image-carousel-caption\">PUGLIA<\/figcaption><\/figure><\/a><\/div><div class=\"swiper-slide\" role=\"group\" aria-roledescription=\"slide\" aria-label=\"9 of 10\"><a title=\"MARBELLA\" href=\"https:\/\/victorlax.net\/es\/fotografo-de-bodas\/marbella\/\" ><figure class=\"swiper-slide-inner\"><img class=\"swiper-slide-image swiper-lazy\" data-src=\"https:\/\/victorlax.net\/wp-content\/uploads\/2023\/01\/inicio_marbella.jpg\" alt=\"MARBELLA\" \/><div class=\"swiper-lazy-preloader\"><\/div><figcaption class=\"elementor-image-carousel-caption\">MARBELLA<\/figcaption><\/figure><\/a><\/div><div class=\"swiper-slide\" role=\"group\" aria-roledescription=\"slide\" aria-label=\"10 of 10\"><a title=\"MISMO SEXO\" href=\"https:\/\/victorlax.net\/es\/fotografo-de-bodas\/gay\/\" ><figure class=\"swiper-slide-inner\"><img class=\"swiper-slide-image swiper-lazy\" data-src=\"https:\/\/victorlax.net\/wp-content\/uploads\/2023\/01\/inicio_same-sex.jpg\" alt=\"MISMO SEXO\" \/><div class=\"swiper-lazy-preloader\"><\/div><figcaption class=\"elementor-image-carousel-caption\">MISMO SEXO<\/figcaption><\/figure><\/a><\/div>\t\t\t<\/div>\n\t\t\t\t\t\t\t\t\t\t\t\t<div class=\"elementor-swiper-button elementor-swiper-button-prev\" role=\"button\" tabindex=\"0\">\n\t\t\t\t\t\t<i aria-hidden=\"true\" class=\"eicon-chevron-left\"><\/i>\t\t\t\t\t<\/div>\n\t\t\t\t\t<div class=\"elementor-swiper-button elementor-swiper-button-next\" role=\"button\" tabindex=\"0\">\n\t\t\t\t\t\t<i aria-hidden=\"true\" class=\"eicon-chevron-right\"><\/i>\t\t\t\t\t<\/div>\n\t\t\t\t\n\t\t\t\t\t\t\t\t\t<div class=\"swiper-pagination\"><\/div>\n\t\t\t\t\t\t\t\t\t<\/div>\n\t\t\t\t<\/div>\n\t\t\t\t<\/div>\n\t\t\t\t\t<\/div>\n\t\t<\/div>\n\t\t\t\t\t\t\t<\/div>\n\t\t<\/section>\n\t\t\t\t\t\t<\/div>\n\t\t<\/div>\n\t\t\t\t<\/div>\n\t\t\t\t<\/div>\n\t\t\t\t\t<\/div>\n\t\t<\/div>\n\t\t\t\t\t\t\t<\/div>\n\t\t<\/section>\n\t\t\t\t\t\t\t<\/div>\n\t\t","protected":false},"excerpt":{"rendered":"<p>Bodas en Rusia Lo sentimos, no encontramos ning\u00fan art\u00edculo que pertenezca a estas categor\u00edas.<\/p>\n","protected":false},"author":1,"featured_media":0,"parent":24379,"menu_order":0,"comment_status":"closed","ping_status":"closed","template":"elementor-template.php","meta":{"inline_featured_image":false,"footnotes":"","_links_to":"","_links_to_target":""},"acf":[],"yoast_head":"<!-- This site is optimized with the Yoast SEO plugin v19.10 - https:\/\/yoast.com\/wordpress\/plugins\/seo\/ -->\n<title>Fot\u00f3grafo de boda en Rusia. Reportaje profesional<\/title>\n<meta name=\"description\" content=\"Reportaje de boda en Rusia profesional con fotograf\u00edas convertidas en arte. Contrata al mejor fot\u00f3grafo de boda de Navarra para tu evento\" \/>\n<meta name=\"robots\" content=\"noindex, follow\" \/>\n<meta property=\"og:locale\" content=\"es_ES\" \/>\n<meta property=\"og:type\" content=\"article\" \/>\n<meta property=\"og:title\" content=\"Fot\u00f3grafo de boda en Rusia. Reportaje profesional\" \/>\n<meta property=\"og:description\" content=\"Reportaje de boda en Rusia profesional con fotograf\u00edas convertidas en arte. Contrata al mejor fot\u00f3grafo de boda de Navarra para tu evento\" \/>\n<meta property=\"og:url\" content=\"https:\/\/victorlax.net\/es\/fotografo-de-bodas\/rusia\/\" \/>\n<meta property=\"og:site_name\" content=\"VictorLax\" \/>\n<meta property=\"article:modified_time\" content=\"2023-03-27T15:08:28+00:00\" \/>\n<meta name=\"twitter:card\" content=\"summary_large_image\" \/>\n<meta name=\"twitter:label1\" content=\"Est. reading time\" \/>\n\t<meta name=\"twitter:data1\" content=\"1 minute\" \/>\n<!-- \/ Yoast SEO plugin. -->","yoast_head_json":{"title":"Fot\u00f3grafo de boda en Rusia. Reportaje profesional","description":"Reportaje de boda en Rusia profesional con fotograf\u00edas convertidas en arte. Contrata al mejor fot\u00f3grafo de boda de Navarra para tu evento","robots":{"index":"noindex","follow":"follow"},"og_locale":"es_ES","og_type":"article","og_title":"Fot\u00f3grafo de boda en Rusia. Reportaje profesional","og_description":"Reportaje de boda en Rusia profesional con fotograf\u00edas convertidas en arte. Contrata al mejor fot\u00f3grafo de boda de Navarra para tu evento","og_url":"https:\/\/victorlax.net\/es\/fotografo-de-bodas\/rusia\/","og_site_name":"VictorLax","article_modified_time":"2023-03-27T15:08:28+00:00","twitter_card":"summary_large_image","twitter_misc":{"Est. reading time":"1 minute"},"schema":{"@context":"https:\/\/schema.org","@graph":[{"@type":"WebPage","@id":"https:\/\/victorlax.net\/es\/fotografo-de-bodas\/rusia\/","url":"https:\/\/victorlax.net\/es\/fotografo-de-bodas\/rusia\/","name":"Fot\u00f3grafo de boda en Rusia. Reportaje profesional","isPartOf":{"@id":"https:\/\/victorlax.net\/es\/#website"},"datePublished":"2022-12-09T10:11:45+00:00","dateModified":"2023-03-27T15:08:28+00:00","description":"Reportaje de boda en Rusia profesional con fotograf\u00edas convertidas en arte. Contrata al mejor fot\u00f3grafo de boda de Navarra para tu evento","breadcrumb":{"@id":"https:\/\/victorlax.net\/es\/fotografo-de-bodas\/rusia\/#breadcrumb"},"inLanguage":"es","potentialAction":[{"@type":"ReadAction","target":["https:\/\/victorlax.net\/es\/fotografo-de-bodas\/rusia\/"]}]},{"@type":"BreadcrumbList","@id":"https:\/\/victorlax.net\/es\/fotografo-de-bodas\/rusia\/#breadcrumb","itemListElement":[{"@type":"ListItem","position":1,"name":"Inicio","item":"https:\/\/victorlax.net\/es\/"},{"@type":"ListItem","position":2,"name":"Fot\u00f3grafo de Bodas","item":"https:\/\/victorlax.net\/es\/fotografo-de-bodas\/"},{"@type":"ListItem","position":3,"name":"Bodas en Rusia"}]},{"@type":"WebSite","@id":"https:\/\/victorlax.net\/es\/#website","url":"https:\/\/victorlax.net\/es\/","name":"VictorLax","description":"Convertimos tu boda en una obra de arte","potentialAction":[{"@type":"SearchAction","target":{"@type":"EntryPoint","urlTemplate":"https:\/\/victorlax.net\/es\/?s={search_term_string}"},"query-input":"required name=search_term_string"}],"inLanguage":"es"}]}},"_links":{"self":[{"href":"https:\/\/victorlax.net\/es\/wp-json\/wp\/v2\/pages\/25187"}],"collection":[{"href":"https:\/\/victorlax.net\/es\/wp-json\/wp\/v2\/pages"}],"about":[{"href":"https:\/\/victorlax.net\/es\/wp-json\/wp\/v2\/types\/page"}],"author":[{"embeddable":true,"href":"https:\/\/victorlax.net\/es\/wp-json\/wp\/v2\/users\/1"}],"replies":[{"embeddable":true,"href":"https:\/\/victorlax.net\/es\/wp-json\/wp\/v2\/comments?post=25187"}],"version-history":[{"count":1,"href":"https:\/\/victorlax.net\/es\/wp-json\/wp\/v2\/pages\/25187\/revisions"}],"predecessor-version":[{"id":28564,"href":"https:\/\/victorlax.net\/es\/wp-json\/wp\/v2\/pages\/25187\/revisions\/28564"}],"up":[{"embeddable":true,"href":"https:\/\/victorlax.net\/es\/wp-json\/wp\/v2\/pages\/24379"}],"wp:attachment":[{"href":"https:\/\/victorlax.net\/es\/wp-json\/wp\/v2\/media?parent=25187"}],"curies":[{"name":"wp","href":"https:\/\/api.w.org\/{rel}","templated":true}]}}