{"id":2735,"date":"2022-10-18T10:43:57","date_gmt":"2022-10-18T08:43:57","guid":{"rendered":"https:\/\/victorlax.net\/?page_id=2735"},"modified":"2022-10-24T10:22:53","modified_gmt":"2022-10-24T08:22:53","slug":"aviso-legal","status":"publish","type":"page","link":"https:\/\/victorlax.net\/es\/aviso-legal\/","title":{"rendered":"Aviso Legal"},"content":{"rendered":"\t\t<div data-elementor-type=\"wp-page\" data-elementor-id=\"2735\" class=\"elementor elementor-2735\">\n\t\t\t\t\t\t\t\t\t<section class=\"elementor-section elementor-top-section elementor-element elementor-element-fd3f7a3 elementor-section-boxed elementor-section-height-default elementor-section-height-default\" data-id=\"fd3f7a3\" data-element_type=\"section\">\n\t\t\t\t\t\t<div class=\"elementor-container elementor-column-gap-default\">\n\t\t\t\t\t<div class=\"elementor-column elementor-col-100 elementor-top-column elementor-element elementor-element-2a275c5\" data-id=\"2a275c5\" data-element_type=\"column\">\n\t\t\t<div class=\"elementor-widget-wrap elementor-element-populated\">\n\t\t\t\t\t\t\t\t<div class=\"elementor-element elementor-element-44b7842 elementor-widget elementor-widget-heading\" data-id=\"44b7842\" data-element_type=\"widget\" data-widget_type=\"heading.default\">\n\t\t\t\t<div class=\"elementor-widget-container\">\n\t\t\t<style>\/*! elementor - v3.15.0 - 09-08-2023 *\/\n.elementor-heading-title{padding:0;margin:0;line-height:1}.elementor-widget-heading .elementor-heading-title[class*=elementor-size-]>a{color:inherit;font-size:inherit;line-height:inherit}.elementor-widget-heading .elementor-heading-title.elementor-size-small{font-size:15px}.elementor-widget-heading .elementor-heading-title.elementor-size-medium{font-size:19px}.elementor-widget-heading .elementor-heading-title.elementor-size-large{font-size:29px}.elementor-widget-heading .elementor-heading-title.elementor-size-xl{font-size:39px}.elementor-widget-heading .elementor-heading-title.elementor-size-xxl{font-size:59px}<\/style><h1 class=\"elementor-heading-title elementor-size-default\">Aviso Legal<\/h1>\t\t<\/div>\n\t\t\t\t<\/div>\n\t\t\t\t\t<\/div>\n\t\t<\/div>\n\t\t\t\t\t\t\t<\/div>\n\t\t<\/section>\n\t\t\t\t<section class=\"elementor-section elementor-top-section elementor-element elementor-element-5d41244 elementor-section-boxed elementor-section-height-default elementor-section-height-default\" data-id=\"5d41244\" data-element_type=\"section\">\n\t\t\t\t\t\t<div class=\"elementor-container elementor-column-gap-default\">\n\t\t\t\t\t<div class=\"elementor-column elementor-col-100 elementor-top-column elementor-element elementor-element-aa0f4fa\" data-id=\"aa0f4fa\" data-element_type=\"column\">\n\t\t\t<div class=\"elementor-widget-wrap elementor-element-populated\">\n\t\t\t\t\t\t\t\t<div class=\"elementor-element elementor-element-fafac14 elementor-widget elementor-widget-heading\" data-id=\"fafac14\" data-element_type=\"widget\" data-widget_type=\"heading.default\">\n\t\t\t\t<div class=\"elementor-widget-container\">\n\t\t\t<h2 class=\"elementor-heading-title elementor-size-default\">Condiciones generales de acceso y uso del sitio web<\/h2>\t\t<\/div>\n\t\t\t\t<\/div>\n\t\t\t\t<div class=\"elementor-element elementor-element-ab6dcea elementor-widget elementor-widget-text-editor\" data-id=\"ab6dcea\" data-element_type=\"widget\" data-widget_type=\"text-editor.default\">\n\t\t\t\t<div class=\"elementor-widget-container\">\n\t\t\t<style>\/*! elementor - v3.15.0 - 09-08-2023 *\/\n.elementor-widget-text-editor.elementor-drop-cap-view-stacked .elementor-drop-cap{background-color:#69727d;color:#fff}.elementor-widget-text-editor.elementor-drop-cap-view-framed .elementor-drop-cap{color:#69727d;border:3px solid;background-color:transparent}.elementor-widget-text-editor:not(.elementor-drop-cap-view-default) .elementor-drop-cap{margin-top:8px}.elementor-widget-text-editor:not(.elementor-drop-cap-view-default) .elementor-drop-cap-letter{width:1em;height:1em}.elementor-widget-text-editor .elementor-drop-cap{float:left;text-align:center;line-height:1;font-size:50px}.elementor-widget-text-editor .elementor-drop-cap-letter{display:inline-block}<\/style>\t\t\t\t<p>El sitio web www.https:\/\/www.victorlax.net\/ es propiedad de V\u00edctor Lax Fotograf\u00eda (en adelante, el Propietario), con domicilio a efectos de notificaciones en C\/ 16 de Julio, 31 4\u00ba Piso 25 50016 Zaragoza, NIF n\u00fam. 12345698A y direcci\u00f3n de correo electr\u00f3nico viclax@gmail.com, y a trav\u00e9s del mismo se proporciona informaci\u00f3n sobre sus actividades.<\/p><p>El acceso y uso del sitio web atribuye al que lo realiza la condici\u00f3n de \u201cUsuario\u201d e implica la aceptaci\u00f3n \u00edntegra, expresa y sin reservas de las presentes condiciones generales, vigentes en el momento del acceso. Si el usuario no comprendiera en su totalidad las presentes condiciones de uso o no estuviera de acuerdo con las mismas, deber\u00e1 abstenerse de utilizar y operar a trav\u00e9s de este sitio web.<\/p><p>Las presentes condiciones generales rigen \u00fanica y exclusivamente el uso del sitio web de el Propietario por parte de los usuarios que accedan y\/o naveguen por www.https:\/\/www.victorlax.net\/. Las presentes condiciones generales se exponen en todas y cada una de las p\u00e1ginas del sitio web https:\/\/www.victorlax.net\/, para que los usuarios puedan leerlas, imprimirlas y archivarlas.<\/p>\t\t\t\t\t\t<\/div>\n\t\t\t\t<\/div>\n\t\t\t\t<div class=\"elementor-element elementor-element-6d0b2d8 elementor-widget elementor-widget-heading\" data-id=\"6d0b2d8\" data-element_type=\"widget\" data-widget_type=\"heading.default\">\n\t\t\t\t<div class=\"elementor-widget-container\">\n\t\t\t<h2 class=\"elementor-heading-title elementor-size-default\">1.- Condiciones de acceso y de uso<\/h2>\t\t<\/div>\n\t\t\t\t<\/div>\n\t\t\t\t<div class=\"elementor-element elementor-element-c776eca elementor-widget elementor-widget-text-editor\" data-id=\"c776eca\" data-element_type=\"widget\" data-widget_type=\"text-editor.default\">\n\t\t\t\t<div class=\"elementor-widget-container\">\n\t\t\t\t\t\t\t<p>La utilizaci\u00f3n del sitio web de el Propietario es gratuita y no requiere el previo registro del usuario. En aquellos casos que el acceso y\/o uso de determinados servicios y\/o contenidos requiriesen el registro o suscripci\u00f3n de los usuarios, ser\u00e1 necesario que \u00e9stos acepten previamente la correspondiente Pol\u00edtica de Privacidad y las Condiciones Generales espec\u00edficas, no siendo posible el acceso a los mismos sin dicha aceptaci\u00f3n.<\/p><p>Las condiciones de acceso y uso del presente sitio web se rigen estrictamente por la legalidad vigente y por el principio de buena fe, comprometi\u00e9ndose el usuario a realizar un buen uso de la web. Quedan prohibidos todos los actos que vulneren derechos o intereses de terceros (derecho a la intimidad, protecci\u00f3n de datos, propiedad intelectual, etc.), o la legalidad vigente.<\/p><p>El Propietario proh\u00edbe expresamente:<\/p><ul><li>Realizar acciones que puedan producir en el sitio web o a trav\u00e9s del mismo, por cualquier medio, cualquier tipo de da\u00f1o a los sistemas de el Propietario o a terceros.<\/li><li>Realizar sin la debida autorizaci\u00f3n cualquier tipo de publicidad o informaci\u00f3n comercial directamente o de forma encubierta, el env\u00edo de correos masivos (&#8220;spaming&#8221;) o env\u00edo de grandes mensajes con el fin de bloquear servidores de la red (&#8220;mail bombing&#8221;).<\/li><\/ul><p>El usuario se compromete no a utilizar el sitio web, ni los contenidos o informaci\u00f3n y\/o los servicios que se ofrecen en el mismo para la realizaci\u00f3n de actividades contrarias a la ley y a respetar en todo momento las presentes condiciones generales.<\/p><p>El Propietario podr\u00e1 interrumpir en cualquier momento el acceso a su sitio web si detecta un uso contrario a la legalidad, la buena fe o a las presentes condiciones generales.<\/p>\t\t\t\t\t\t<\/div>\n\t\t\t\t<\/div>\n\t\t\t\t<div class=\"elementor-element elementor-element-c09cd35 elementor-widget elementor-widget-heading\" data-id=\"c09cd35\" data-element_type=\"widget\" data-widget_type=\"heading.default\">\n\t\t\t\t<div class=\"elementor-widget-container\">\n\t\t\t<h2 class=\"elementor-heading-title elementor-size-default\">2.- Contenidos\n<\/h2>\t\t<\/div>\n\t\t\t\t<\/div>\n\t\t\t\t<div class=\"elementor-element elementor-element-67aa5a7 elementor-widget elementor-widget-text-editor\" data-id=\"67aa5a7\" data-element_type=\"widget\" data-widget_type=\"text-editor.default\">\n\t\t\t\t<div class=\"elementor-widget-container\">\n\t\t\t\t\t\t\t<p>Los contenidos incorporados en este sitio web han sido elaborados e incluidos por el Propietario, utilizando fuentes internas y externas, de tal modo que el Propietario \u00fanicamente se hace responsable por los contenidos elaborados de forma interna.<\/p><p>El Propietario se reserva el derecho a modificar en cualquier momento los contenidos existentes en su sitio web. el Propietario no asegura ni se responsabiliza del correcto funcionamiento de los enlaces a sitios web de terceros que figuren en https:\/\/www.victorlax.net\/.<\/p><p>Adem\u00e1s, a trav\u00e9s del sitio web https:\/\/www.victorlax.net\/, pueden ponerse a disposici\u00f3n de los usuarios, servicios gratuitos y\/o de pago ofrecidos por terceros ajenos, los cu\u00e1les se regir\u00e1n por las condiciones particulares de dichos servicios. el Propietario no garantiza en ning\u00fan caso la veracidad, exactitud o actualidad de los contenidos y servicios ofrecidos por terceros y queda expresamente exonerado de cualquier tipo de responsabilidad por los da\u00f1os y perjuicios que puedan derivarse de la falta de exactitud de estos contenidos y servicios.<\/p>\t\t\t\t\t\t<\/div>\n\t\t\t\t<\/div>\n\t\t\t\t<div class=\"elementor-element elementor-element-6ce6b69 elementor-widget elementor-widget-heading\" data-id=\"6ce6b69\" data-element_type=\"widget\" data-widget_type=\"heading.default\">\n\t\t\t\t<div class=\"elementor-widget-container\">\n\t\t\t<h2 class=\"elementor-heading-title elementor-size-default\">3.- Responsabilidad<\/h2>\t\t<\/div>\n\t\t\t\t<\/div>\n\t\t\t\t<div class=\"elementor-element elementor-element-771bc16 elementor-widget elementor-widget-text-editor\" data-id=\"771bc16\" data-element_type=\"widget\" data-widget_type=\"text-editor.default\">\n\t\t\t\t<div class=\"elementor-widget-container\">\n\t\t\t\t\t\t\t<p>El Propietario en ning\u00fan caso ser\u00e1 responsable de:<\/p><ul><li>Los fallos e incidencias que pudieran producirse en las comunicaciones, borrado o transmisiones incompletas de manera que no se garantiza que los servicios del sitio web est\u00e9n constantemente operativos.<\/li><li>De la producci\u00f3n de cualquier tipo de da\u00f1o que los usuarios o terceros pudiesen ocasionar en el sitio web.<\/li><li>De la fiabilidad y veracidad de las informaciones introducidas por terceros en el sitio web, bien directamente, bien a trav\u00e9s de enlaces o links.<\/li><\/ul><p>El Propietario se reserva el derecho a suspender el acceso sin previo aviso de forma discrecional y con car\u00e1cter definitivo o temporal hasta el aseguramiento de la efectiva responsabilidad de los da\u00f1os que pudieran producirse.<\/p><p>El Propietario colaborar\u00e1 y notificar\u00e1 a la autoridad competente las incidencias anteriormente indicadas en el momento en que tenga conocimiento fehaciente de que los da\u00f1os ocasionados constituyan cualquier tipo de actividad il\u00edcita.<\/p>\t\t\t\t\t\t<\/div>\n\t\t\t\t<\/div>\n\t\t\t\t<div class=\"elementor-element elementor-element-53a556e elementor-widget elementor-widget-heading\" data-id=\"53a556e\" data-element_type=\"widget\" data-widget_type=\"heading.default\">\n\t\t\t\t<div class=\"elementor-widget-container\">\n\t\t\t<h2 class=\"elementor-heading-title elementor-size-default\">4.- Derechos de Autor\n<\/h2>\t\t<\/div>\n\t\t\t\t<\/div>\n\t\t\t\t<div class=\"elementor-element elementor-element-abadb7d elementor-widget elementor-widget-text-editor\" data-id=\"abadb7d\" data-element_type=\"widget\" data-widget_type=\"text-editor.default\">\n\t\t\t\t<div class=\"elementor-widget-container\">\n\t\t\t\t\t\t\t<p>Los contenidos propios, la programaci\u00f3n y el dise\u00f1o del sitio web https:\/\/www.victorlax.net\/ se encuentra plenamente protegido por los derechos de autor, quedando expresamente prohibida toda reproducci\u00f3n, comunicaci\u00f3n, distribuci\u00f3n y transformaci\u00f3n de los referidos elementos protegidos, salvo consentimiento expreso de el Propietario.<\/p><p>El Propietario puede utilizar fuentes externas para la elaboraci\u00f3n de sus contenidos y establecer links o hiperenlaces a art\u00edculos o informaciones de terceros citando siempre la fuente. El leg\u00edtimo titular de los derechos de autor de las informaciones as\u00ed incluidas podr\u00e1 solicitar en cualquier momento la eliminaci\u00f3n de los referidos contenidos.<\/p><p>Los materiales tanto gr\u00e1ficos como escritos enviados por los usuarios a trav\u00e9s de los medios que se ponen a su disposici\u00f3n en el sitio web son propiedad del usuario quien afirma al enviarlos su leg\u00edtima autor\u00eda y cede los derechos de reproducci\u00f3n y distribuci\u00f3n al el Propietario.<\/p>\t\t\t\t\t\t<\/div>\n\t\t\t\t<\/div>\n\t\t\t\t<div class=\"elementor-element elementor-element-825686c elementor-widget elementor-widget-heading\" data-id=\"825686c\" data-element_type=\"widget\" data-widget_type=\"heading.default\">\n\t\t\t\t<div class=\"elementor-widget-container\">\n\t\t\t<h2 class=\"elementor-heading-title elementor-size-default\">5.- Jurisdicci\u00f3n y ley aplicable\n<\/h2>\t\t<\/div>\n\t\t\t\t<\/div>\n\t\t\t\t<div class=\"elementor-element elementor-element-4c2eefe elementor-widget elementor-widget-text-editor\" data-id=\"4c2eefe\" data-element_type=\"widget\" data-widget_type=\"text-editor.default\">\n\t\t\t\t<div class=\"elementor-widget-container\">\n\t\t\t\t\t\t\t<p>Las presentes condiciones generales se rigen por la legislaci\u00f3n espa\u00f1ola. Son competentes para resolver toda controversia o conflicto que se derive de las presentes condiciones generales los Juzgados de Zaragoza, renunciando expresamente el usuario a cualquier otro fuero que pudiera corresponderle.<\/p>\t\t\t\t\t\t<\/div>\n\t\t\t\t<\/div>\n\t\t\t\t<div class=\"elementor-element elementor-element-dc71846 elementor-widget elementor-widget-heading\" data-id=\"dc71846\" data-element_type=\"widget\" data-widget_type=\"heading.default\">\n\t\t\t\t<div class=\"elementor-widget-container\">\n\t\t\t<h2 class=\"elementor-heading-title elementor-size-default\">6.- Miscel\u00e1nea<\/h2>\t\t<\/div>\n\t\t\t\t<\/div>\n\t\t\t\t<div class=\"elementor-element elementor-element-1acd0db elementor-widget elementor-widget-text-editor\" data-id=\"1acd0db\" data-element_type=\"widget\" data-widget_type=\"text-editor.default\">\n\t\t\t\t<div class=\"elementor-widget-container\">\n\t\t\t\t\t\t\t<p>En caso de que cualquier cl\u00e1usula del presente documento fuera declarada nula, las dem\u00e1s cl\u00e1usulas seguir\u00e1n vigentes y se interpretar\u00e1n teniendo en cuenta la voluntad de las partes y la finalidad misma de las presentes condiciones. el Propietario podr\u00e1 no ejercitar alguno de los derechos y facultades conferidos en este documento lo que no implicar\u00e1 en ning\u00fan caso la renuncia a los mismos, salvo reconocimiento expreso por parte de el Propietario.<\/p>\t\t\t\t\t\t<\/div>\n\t\t\t\t<\/div>\n\t\t\t\t\t<\/div>\n\t\t<\/div>\n\t\t\t\t\t\t\t<\/div>\n\t\t<\/section>\n\t\t\t\t\t\t\t<\/div>\n\t\t","protected":false},"excerpt":{"rendered":"<p>Aviso Legal Condiciones generales de acceso y uso del sitio web El sitio web www.https:\/\/www.victorlax.net\/ es propiedad de V\u00edctor Lax Fotograf\u00eda (en adelante, el Propietario), con domicilio a efectos de notificaciones en C\/ 16 de Julio, 31 4\u00ba Piso 25 50016 Zaragoza, NIF n\u00fam. 12345698A y direcci\u00f3n de correo electr\u00f3nico viclax@gmail.com, y a trav\u00e9s del [&hellip;]<\/p>\n","protected":false},"author":1,"featured_media":0,"parent":0,"menu_order":0,"comment_status":"closed","ping_status":"closed","template":"elementor-template.php","meta":{"inline_featured_image":false,"footnotes":"","_links_to":"","_links_to_target":""},"acf":[],"yoast_head":"<!-- This site is optimized with the Yoast SEO plugin v19.10 - https:\/\/yoast.com\/wordpress\/plugins\/seo\/ -->\n<title>Aviso Legal - VictorLax<\/title>\n<meta name=\"robots\" content=\"noindex, nofollow\" \/>\n<meta property=\"og:locale\" content=\"es_ES\" \/>\n<meta property=\"og:type\" content=\"article\" \/>\n<meta property=\"og:title\" content=\"Aviso Legal - VictorLax\" \/>\n<meta property=\"og:description\" content=\"Aviso Legal Condiciones generales de acceso y uso del sitio web El sitio web www.https:\/\/www.victorlax.net\/ es propiedad de V\u00edctor Lax Fotograf\u00eda (en adelante, el Propietario), con domicilio a efectos de notificaciones en C\/ 16 de Julio, 31 4\u00ba Piso 25 50016 Zaragoza, NIF n\u00fam. 12345698A y direcci\u00f3n de correo electr\u00f3nico viclax@gmail.com, y a trav\u00e9s del [&hellip;]\" \/>\n<meta property=\"og:url\" content=\"https:\/\/victorlax.net\/es\/aviso-legal\/\" \/>\n<meta property=\"og:site_name\" content=\"VictorLax\" \/>\n<meta property=\"article:modified_time\" content=\"2022-10-24T08:22:53+00:00\" \/>\n<meta name=\"twitter:card\" content=\"summary_large_image\" \/>\n<meta name=\"twitter:label1\" content=\"Est. reading time\" \/>\n\t<meta name=\"twitter:data1\" content=\"5 minutes\" \/>\n<!-- \/ Yoast SEO plugin. -->","yoast_head_json":{"title":"Aviso Legal - VictorLax","robots":{"index":"noindex","follow":"nofollow"},"og_locale":"es_ES","og_type":"article","og_title":"Aviso Legal - VictorLax","og_description":"Aviso Legal Condiciones generales de acceso y uso del sitio web El sitio web www.https:\/\/www.victorlax.net\/ es propiedad de V\u00edctor Lax Fotograf\u00eda (en adelante, el Propietario), con domicilio a efectos de notificaciones en C\/ 16 de Julio, 31 4\u00ba Piso 25 50016 Zaragoza, NIF n\u00fam. 12345698A y direcci\u00f3n de correo electr\u00f3nico viclax@gmail.com, y a trav\u00e9s del [&hellip;]","og_url":"https:\/\/victorlax.net\/es\/aviso-legal\/","og_site_name":"VictorLax","article_modified_time":"2022-10-24T08:22:53+00:00","twitter_card":"summary_large_image","twitter_misc":{"Est. reading time":"5 minutes"},"schema":{"@context":"https:\/\/schema.org","@graph":[{"@type":"WebPage","@id":"https:\/\/victorlax.net\/es\/aviso-legal\/","url":"https:\/\/victorlax.net\/es\/aviso-legal\/","name":"Aviso Legal - VictorLax","isPartOf":{"@id":"https:\/\/victorlax.net\/es\/#website"},"datePublished":"2022-10-18T08:43:57+00:00","dateModified":"2022-10-24T08:22:53+00:00","breadcrumb":{"@id":"https:\/\/victorlax.net\/es\/aviso-legal\/#breadcrumb"},"inLanguage":"es","potentialAction":[{"@type":"ReadAction","target":["https:\/\/victorlax.net\/es\/aviso-legal\/"]}]},{"@type":"BreadcrumbList","@id":"https:\/\/victorlax.net\/es\/aviso-legal\/#breadcrumb","itemListElement":[{"@type":"ListItem","position":1,"name":"Inicio","item":"https:\/\/victorlax.net\/es\/"},{"@type":"ListItem","position":2,"name":"Aviso Legal"}]},{"@type":"WebSite","@id":"https:\/\/victorlax.net\/es\/#website","url":"https:\/\/victorlax.net\/es\/","name":"VictorLax","description":"Convertimos tu boda en una obra de arte","potentialAction":[{"@type":"SearchAction","target":{"@type":"EntryPoint","urlTemplate":"https:\/\/victorlax.net\/es\/?s={search_term_string}"},"query-input":"required name=search_term_string"}],"inLanguage":"es"}]}},"_links":{"self":[{"href":"https:\/\/victorlax.net\/es\/wp-json\/wp\/v2\/pages\/2735"}],"collection":[{"href":"https:\/\/victorlax.net\/es\/wp-json\/wp\/v2\/pages"}],"about":[{"href":"https:\/\/victorlax.net\/es\/wp-json\/wp\/v2\/types\/page"}],"author":[{"embeddable":true,"href":"https:\/\/victorlax.net\/es\/wp-json\/wp\/v2\/users\/1"}],"replies":[{"embeddable":true,"href":"https:\/\/victorlax.net\/es\/wp-json\/wp\/v2\/comments?post=2735"}],"version-history":[{"count":0,"href":"https:\/\/victorlax.net\/es\/wp-json\/wp\/v2\/pages\/2735\/revisions"}],"wp:attachment":[{"href":"https:\/\/victorlax.net\/es\/wp-json\/wp\/v2\/media?parent=2735"}],"curies":[{"name":"wp","href":"https:\/\/api.w.org\/{rel}","templated":true}]}}